{"id":955,"date":"2024-07-12T11:02:28","date_gmt":"2024-07-12T11:02:28","guid":{"rendered":"https:\/\/womenforpalestine.org\/?page_id=955"},"modified":"2024-07-12T11:08:01","modified_gmt":"2024-07-12T11:08:01","slug":"cv-concha-barquero","status":"publish","type":"page","link":"https:\/\/womenforpalestine.org\/es_es\/cv-concha-barquero\/","title":{"rendered":"CV Concha Barquero"},"content":{"rendered":"\n<style type=\"text\/css\" data-created_by=\"avia_inline_auto\" id=\"style-css-av-496rj-89ef08bb11781996dc006721643700ab\">\n.avia-section.av-496rj-89ef08bb11781996dc006721643700ab{\nmargin-top:40px;\nmargin-bottom:40px;\n}\n<\/style>\n<div id='av_section_1'  class='avia-section av-496rj-89ef08bb11781996dc006721643700ab main_color avia-section-default avia-no-border-styling  avia-builder-el-0  avia-builder-el-no-sibling  avia-bg-style-scroll container_wrap fullsize'  ><div class='container av-section-cont-open' ><main  role=\"main\" itemprop=\"mainContentOfPage\"  class='template-page content  av-content-full alpha units'><div class='post-entry post-entry-type-page post-entry-955'><div class='entry-content-wrapper clearfix'>\n<div  class='flex_column av-13f9gv-f2a581c9b25658d886a2aaae0529be89 av_one_fourth  avia-builder-el-1  el_before_av_three_fourth  avia-builder-el-first  first flex_column_div  '     ><style type=\"text\/css\" data-created_by=\"avia_inline_auto\" id=\"style-css-av-z7gyn-96cb143fc3c34d487dfc3609a376a092\">\n.avia-image-container.av-z7gyn-96cb143fc3c34d487dfc3609a376a092 img.avia_image{\nbox-shadow:none;\n}\n.avia-image-container.av-z7gyn-96cb143fc3c34d487dfc3609a376a092 .av-image-caption-overlay-center{\ncolor:#ffffff;\n}\n<\/style>\n<div  class='avia-image-container av-z7gyn-96cb143fc3c34d487dfc3609a376a092 av-styling- avia-align-center  avia-builder-el-2  avia-builder-el-no-sibling '   itemprop=\"image\" itemscope=\"itemscope\" itemtype=\"https:\/\/schema.org\/ImageObject\" ><div class=\"avia-image-container-inner\"><div class=\"avia-image-overlay-wrap\"><img decoding=\"async\" fetchpriority=\"high\" class='wp-image-938 avia-img-lazy-loading-not-938 avia_image ' src=\"https:\/\/womenforpalestine.org\/wp-content\/uploads\/2024\/07\/Concha-Barquero-300x300.jpg\" alt='' title='Concha Barquero'  height=\"300\" width=\"300\"  itemprop=\"thumbnailUrl\" srcset=\"https:\/\/womenforpalestine.org\/wp-content\/uploads\/2024\/07\/Concha-Barquero-300x300.jpg 300w, https:\/\/womenforpalestine.org\/wp-content\/uploads\/2024\/07\/Concha-Barquero-80x80.jpg 80w, https:\/\/womenforpalestine.org\/wp-content\/uploads\/2024\/07\/Concha-Barquero-36x36.jpg 36w, https:\/\/womenforpalestine.org\/wp-content\/uploads\/2024\/07\/Concha-Barquero-180x180.jpg 180w, https:\/\/womenforpalestine.org\/wp-content\/uploads\/2024\/07\/Concha-Barquero.jpg 400w\" sizes=\"(max-width: 300px) 100vw, 300px\" \/><\/div><\/div><\/div><\/div><div  class='flex_column av-swifr-ea28f54fb86280182f1bed55f724be7d av_three_fourth  avia-builder-el-3  el_after_av_one_fourth  avia-builder-el-last  flex_column_div  '     ><p>\n<style type=\"text\/css\" data-created_by=\"avia_inline_auto\" id=\"style-css-av-kje5r-0e5874d555fdad3fd186e0f889960566\">\n#top .av-special-heading.av-kje5r-0e5874d555fdad3fd186e0f889960566{\npadding-bottom:10px;\n}\nbody .av-special-heading.av-kje5r-0e5874d555fdad3fd186e0f889960566 .av-special-heading-tag .heading-char{\nfont-size:25px;\n}\n.av-special-heading.av-kje5r-0e5874d555fdad3fd186e0f889960566 .av-subheading{\nfont-size:15px;\n}\n<\/style>\n<div  class='av-special-heading av-kje5r-0e5874d555fdad3fd186e0f889960566 av-special-heading-h2 blockquote modern-quote  avia-builder-el-4  el_before_av_hr  avia-builder-el-first '><h2 class='av-special-heading-tag '  itemprop=\"headline\"  >Concha Barquero<\/h2><div class=\"special-heading-border\"><div class=\"special-heading-inner-border\"><\/div><\/div><\/div><br \/>\n\n<style type=\"text\/css\" data-created_by=\"avia_inline_auto\" id=\"style-css-av-fyvbj-ebec1551ed7e2e27e5399fad9d0fb044\">\n#top .hr.hr-invisible.av-fyvbj-ebec1551ed7e2e27e5399fad9d0fb044{\nheight:30px;\n}\n<\/style>\n<div  class='hr av-fyvbj-ebec1551ed7e2e27e5399fad9d0fb044 hr-invisible  avia-builder-el-5  el_after_av_heading  el_before_av_textblock '><span class='hr-inner '><span class=\"hr-inner-style\"><\/span><\/span><\/div><br \/>\n<section  class='av_textblock_section av-a3at3-fde7217f870de50880ac779110113ac4 '   itemscope=\"itemscope\" itemtype=\"https:\/\/schema.org\/CreativeWork\" ><div class='avia_textblock'  itemprop=\"text\" ><div class=\"page\" title=\"Page 2\">\n<div class=\"section\">\n<div class=\"section\">\n<div class=\"layoutArea\">\n<div class=\"column\">\n<div class=\"page\" title=\"Page 2\">\n<div class=\"section\">\n<div class=\"layoutArea\">\n<div class=\"column\">\n<p><strong>NOMBRE Y APELLIDOS:<\/strong> Concha Barquero<br \/>\n<strong>CARGO:<\/strong> Profesora Asociada<span style=\"color: #333333;\"><br \/>\n<\/span><strong>UNIVERSIDAD\/ORGANIZACI\u00d3N:<\/strong> Universidad de M\u00e1laga<br \/>\n<strong>PA\u00cdS:<\/strong> Espa\u00f1a<\/p>\n<\/div>\n<p>Cineasta, docente, investigadora y programadora cinematogr\u00e1fica. Es licenciada en Comunicaci\u00f3n Audiovisual por la Universidad de M\u00e1laga (1999) y M\u00e1ster en Escritura de Guion para Cine y Televisi\u00f3n por la Universidad Aut\u00f3noma de Barcelona (2000). Forma t\u00e1ndem creativo desde el a\u00f1o 2001 con Alejandro Alvarado. Como profesional ha compaginado la televisi\u00f3n cultural y divulgativa con el cine documental. Sus trabajos han estado presentes en cert\u00e1menes audiovisuales y cinematogr\u00e1ficos de todo el mundo como el Festival Internacional de Cine de Mar del Plata (Argentina), European Media Art de Osnabr\u00fcck (Alemania) o Doclisboa (Portugal), y han sido difundidos en televisiones como Canal Plus, TVE, Canal Historia, la red Televisi\u00f3n Educativa Cultural Iberoamericana y Films for the Humanities &amp; Sciences.<\/p>\n<p>Durante una d\u00e9cada fue guionista de los programas <em>Tesis y Tesis en la internacional<\/em> (2001-11) de Canal Sur Andaluc\u00eda, un espacio televisivo de referencia avalado con numerosos reconocimientos como el Premio al Mejor Programa Nacional de Divulgaci\u00f3n Cient\u00edfica en la XXVI Bienal de Cine Cient\u00edfico de Ronda o el Primer Premio de Televisi\u00f3n del Consejo Asesor de RTVE de Andaluc\u00eda, otorgado a un reportaje sobre violencia de g\u00e9nero. Ha dirigido los documentales de corte social <em>El reverso de la Realidad<\/em> (2007) y <em>Warmi. Algunos apuntes sobre La Paz y sus mujeres<\/em> (2014), producido para el Servicio de Relaciones Internacionales y Cooperaci\u00f3n de la Universidad de M\u00e1laga y y la Junta de Andaluc\u00eda. Agencia Andaluza de Cooperaci\u00f3n (AACID).<\/p>\n<p>Su largometraje documental <em>Pepe el andaluz<\/em> (2012) y su cortometraje <em>Descartes<\/em> (2021) son sus obras de mayor repercusi\u00f3n, galardonados con numerosos premios, como el XXIX Premio Andaluc\u00eda de Periodismo (modalidad audiovisual),\u00a0 el Premio al Mejor Documental Espa\u00f1ol en X Documenta Madrid o el Gran Premio del Cine Espa\u00f1ol en Zinebi. Han sido exhibidos en festivales, salas, museos y centros culturales en pa\u00edses de Europa, Am\u00e9rica Latina y \u00c1frica.<\/p>\n<p>En el \u00e1mbito acad\u00e9mico, es autora de una docena publicaciones relacionadas con el cine documental. Ha participado, entre otros, en los libros <em>El documental en Espa\u00f1a: historia, est\u00e9tica e identidad<\/em> (C\u00e1tedra, 2023), <em>Feminismos, violencias y redes sociales: pr\u00e1cticas y estrategias iberoamericanas contra los discursos del odio<\/em> (Peter Lang, 2022) o <em>No se est\u00e1 quieto. Nuevas formas documentales en el audiovisual hisp\u00e1nico<\/em> (Iberoamericana y Vervuert, 2016). En el \u00e1mbito internacional ha sido invitada en una veintena de ocasiones como conferenciante en universidades y centros culturales de prestigio como New York University (2014), Centro de Arte Contempor\u00e1neo Arteleku (2013) o el Festival de Cine Internacional de Mar del Plata (2012).<\/p>\n<p>Actualmente, es miembro de los proyectos de I+D <em>Los Derechos Humanos de las mujeres palestinas: relatos de resiliencia en tiempos de covid-19, Resiliencia y acompa\u00f1amiento socioeducativo en la inclusi\u00f3n social de los j\u00f3venes Ex-Mena<\/em> y <em>Educar desde los m\u00e1rgenes: inclusi\u00f3n y resilencia de J\u00f3venes en \u00e1reas urbanas desfavorecidas<\/em>, estudiando la aplicaci\u00f3n del documental a proyectos sociales. En este \u00e1mbito, forma parte del equipo que ha sido galardonado con el Premio del III Concurso de Investigaci\u00f3n de Proyectos Sociales (2022) de la Fundaci\u00f3n FOESSA. As\u00ed mismo, fue miembro del Observatorio andaluz de la violencia machista en los medios audiovisuales de la Universidad de M\u00e1laga (2013-14), Proyecto de Excelencia de la Junta de Andaluc\u00eda.<\/p>\n<p>Desde 2013 es colaboradora del Festival de M\u00e1laga. Cine en Espa\u00f1ol, miembro del comit\u00e9 de selecci\u00f3n de la Secci\u00f3n Oficial de Documentales (2014-2022) y coordinadora de M\u00e1laga Docs. Encuentro de Cine Documental (2016-2023). Es coordinadora de programaci\u00f3n de la Sala de los Cineastas M\u00e1laga, ciclo organizado por la asociaci\u00f3n Uni\u00f3n de Cineastas, junto con la colaboraci\u00f3n del Festival de M\u00e1laga, la Universidad de M\u00e1laga y el Cine Alb\u00e9niz (2016-2023).<\/p>\n<\/div>\n<\/div>\n<\/div>\n<\/div>\n<\/div>\n<\/div>\n<\/div>\n<\/div>\n<\/div><\/section><\/p><\/div>\n","protected":false},"excerpt":{"rendered":"","protected":false},"author":1,"featured_media":0,"parent":0,"menu_order":101,"comment_status":"closed","ping_status":"closed","template":"template-blank.php","meta":{"footnotes":""},"class_list":["post-955","page","type-page","status-publish","hentry"],"_links":{"self":[{"href":"https:\/\/womenforpalestine.org\/es_es\/wp-json\/wp\/v2\/pages\/955","targetHints":{"allow":["GET"]}}],"collection":[{"href":"https:\/\/womenforpalestine.org\/es_es\/wp-json\/wp\/v2\/pages"}],"about":[{"href":"https:\/\/womenforpalestine.org\/es_es\/wp-json\/wp\/v2\/types\/page"}],"author":[{"embeddable":true,"href":"https:\/\/womenforpalestine.org\/es_es\/wp-json\/wp\/v2\/users\/1"}],"replies":[{"embeddable":true,"href":"https:\/\/womenforpalestine.org\/es_es\/wp-json\/wp\/v2\/comments?post=955"}],"version-history":[{"count":0,"href":"https:\/\/womenforpalestine.org\/es_es\/wp-json\/wp\/v2\/pages\/955\/revisions"}],"wp:attachment":[{"href":"https:\/\/womenforpalestine.org\/es_es\/wp-json\/wp\/v2\/media?parent=955"}],"curies":[{"name":"wp","href":"https:\/\/api.w.org\/{rel}","templated":true}]}}