{"id":856,"date":"2024-07-11T11:12:36","date_gmt":"2024-07-11T11:12:36","guid":{"rendered":"https:\/\/womenforpalestine.org\/?page_id=856"},"modified":"2025-04-14T15:52:42","modified_gmt":"2025-04-14T15:52:42","slug":"alianzas","status":"publish","type":"page","link":"https:\/\/womenforpalestine.org\/es_es\/el-proyecto\/alianzas\/","title":{"rendered":"Alianzas"},"content":{"rendered":"<div id='av_section_1'  class='avia-section av-r54l4-f52f5f72ec67f105bef0ed0a118efdf7 main_color avia-section-large avia-no-border-styling  avia-builder-el-0  avia-builder-el-no-sibling  avia-bg-style-scroll container_wrap fullsize'  ><div class='container av-section-cont-open' ><main  role=\"main\" itemprop=\"mainContentOfPage\"  class='template-page content  av-content-full alpha units'><div class='post-entry post-entry-type-page post-entry-856'><div class='entry-content-wrapper clearfix'>\n\n<style type=\"text\/css\" data-created_by=\"avia_inline_auto\" id=\"style-css-av-m0m7atyv-72ee3aeda3d940be56c148d1af3bc99c\">\n.flex_column.av-m0m7atyv-72ee3aeda3d940be56c148d1af3bc99c{\nwidth:45%;\n}\n<\/style>\n<div  class='flex_column av-m0m7atyv-72ee3aeda3d940be56c148d1af3bc99c av_one_half  avia-builder-el-1  el_before_av_one_half  avia-builder-el-first  first flex_column_div  '     ><p>\n<style type=\"text\/css\" data-created_by=\"avia_inline_auto\" id=\"style-css-av-m0m7mxy1-d53810c0ae1f851fb33d91a94c290cb4\">\n.avia-image-container.av-m0m7mxy1-d53810c0ae1f851fb33d91a94c290cb4 img.avia_image{\nbox-shadow:none;\n}\n.avia-image-container.av-m0m7mxy1-d53810c0ae1f851fb33d91a94c290cb4 .av-image-caption-overlay-center{\ncolor:#ffffff;\n}\n<\/style>\n<div  class='avia-image-container av-m0m7mxy1-d53810c0ae1f851fb33d91a94c290cb4 av-styling- av-img-linked avia-align-center  avia-builder-el-2  el_before_av_hr  avia-builder-el-first '   itemprop=\"image\" itemscope=\"itemscope\" itemtype=\"https:\/\/schema.org\/ImageObject\" ><div class=\"avia-image-container-inner\"><div class=\"avia-image-overlay-wrap\"><a href=\"https:\/\/popular-struggle.org\/\" class='avia_image '  target=\"_blank\"  rel=\"noopener noreferrer\" aria-label='Logos-Alianzas-PSCC'><img decoding=\"async\" fetchpriority=\"high\" class='wp-image-1201 avia-img-lazy-loading-not-1201 avia_image ' src=\"https:\/\/womenforpalestine.org\/wp-content\/uploads\/2024\/09\/Logos-Alianzas-PSCC.jpg\" alt='' title='Logos-Alianzas-PSCC'  height=\"800\" width=\"800\"  itemprop=\"thumbnailUrl\" srcset=\"https:\/\/womenforpalestine.org\/wp-content\/uploads\/2024\/09\/Logos-Alianzas-PSCC.jpg 800w, https:\/\/womenforpalestine.org\/wp-content\/uploads\/2024\/09\/Logos-Alianzas-PSCC-300x300.jpg 300w, https:\/\/womenforpalestine.org\/wp-content\/uploads\/2024\/09\/Logos-Alianzas-PSCC-80x80.jpg 80w, https:\/\/womenforpalestine.org\/wp-content\/uploads\/2024\/09\/Logos-Alianzas-PSCC-768x768.jpg 768w, https:\/\/womenforpalestine.org\/wp-content\/uploads\/2024\/09\/Logos-Alianzas-PSCC-36x36.jpg 36w, https:\/\/womenforpalestine.org\/wp-content\/uploads\/2024\/09\/Logos-Alianzas-PSCC-180x180.jpg 180w, https:\/\/womenforpalestine.org\/wp-content\/uploads\/2024\/09\/Logos-Alianzas-PSCC-705x705.jpg 705w\" sizes=\"(max-width: 800px) 100vw, 800px\" \/><\/a><\/div><\/div><\/div><br \/>\n\n<style type=\"text\/css\" data-created_by=\"avia_inline_auto\" id=\"style-css-av-j4kgw-1f20174377bed4d2702a3b2d38cbc12a\">\n#top .hr.hr-invisible.av-j4kgw-1f20174377bed4d2702a3b2d38cbc12a{\nheight:40px;\n}\n<\/style>\n<div  class='hr av-j4kgw-1f20174377bed4d2702a3b2d38cbc12a hr-invisible  avia-builder-el-3  el_after_av_image  el_before_av_textblock '><span class='hr-inner '><span class=\"hr-inner-style\"><\/span><\/span><\/div><br \/>\n<section  class='av_textblock_section av-hdc8g-c5010d8271337381bc0643fa1f36258a '   itemscope=\"itemscope\" itemtype=\"https:\/\/schema.org\/CreativeWork\" ><div class='avia_textblock'  itemprop=\"text\" ><p>El Comit\u00e9 de Coordinaci\u00f3n de la Lucha Popular (PSCC) es una organizaci\u00f3n de base independiente establecida en 2009 con el objetivo de movilizar a los palestinos contra el Muro del Apartheid y los Asentamientos ilegales israel\u00edes. Naci\u00f3 del movimiento popular contra el Muro y los Asentamientos que comenz\u00f3 a principios de la d\u00e9cada de 2000 en diferentes aldeas de Cisjordania. Despu\u00e9s de a\u00f1os de cooperaci\u00f3n informal y movilizaci\u00f3n compartida entre comunidades palestinas comprometidas en la resistencia popular contra la ocupaci\u00f3n israel\u00ed, activistas de los diversos centros de resistencia en las aldeas se unieron para formar el Comit\u00e9 de Coordinaci\u00f3n, una plataforma com\u00fan que act\u00faa como \u00f3rgano rector de todos los comit\u00e9s populares locales de base.<\/p>\n<p class=\"p1\">El Comit\u00e9 de Coordinaci\u00f3n de la Lucha Popular fue formado por destacados activistas de los comit\u00e9s populares de todos los Territorios Ocupados y de todo el espectro pol\u00edtico palestino. Los comit\u00e9s populares presentan una forma \u00fanica de organizaci\u00f3n y resistencia comunitaria en la tradici\u00f3n de la primera Intifada palestina.<\/p>\n<p class=\"p1\"><a href=\"https:\/\/popular-struggle.org\/\">https:\/\/popular-struggle.org\/<\/a><\/p>\n<\/div><\/section><\/p><\/div>\n<style type=\"text\/css\" data-created_by=\"avia_inline_auto\" id=\"style-css-av-7tm08-66cab620e413d750606c0285bfca8f70\">\n.flex_column.av-7tm08-66cab620e413d750606c0285bfca8f70{\nwidth:45%;\nmargin-left:10%;\n}\n<\/style>\n<div  class='flex_column av-7tm08-66cab620e413d750606c0285bfca8f70 av_one_half  avia-builder-el-5  el_after_av_one_half  el_before_av_one_half  flex_column_div  '     ><p>\n<style type=\"text\/css\" data-created_by=\"avia_inline_auto\" id=\"style-css-av-m0m7nbta-fe755bd68fffbef442489ad147cc0070\">\n.avia-image-container.av-m0m7nbta-fe755bd68fffbef442489ad147cc0070 img.avia_image{\nbox-shadow:none;\n}\n.avia-image-container.av-m0m7nbta-fe755bd68fffbef442489ad147cc0070 .av-image-caption-overlay-center{\ncolor:#ffffff;\n}\n<\/style>\n<div  class='avia-image-container av-m0m7nbta-fe755bd68fffbef442489ad147cc0070 av-styling- av-img-linked avia-align-center  avia-builder-el-6  el_before_av_hr  avia-builder-el-first '   itemprop=\"image\" itemscope=\"itemscope\" itemtype=\"https:\/\/schema.org\/ImageObject\" ><div class=\"avia-image-container-inner\"><div class=\"avia-image-overlay-wrap\"><a href=\"https:\/\/pchrgaza.org\/\" class='avia_image '  target=\"_blank\"  rel=\"noopener noreferrer\" aria-label='Logos-Alianzas-PCFHR'><img decoding=\"async\" fetchpriority=\"high\" class='wp-image-1202 avia-img-lazy-loading-not-1202 avia_image ' src=\"https:\/\/womenforpalestine.org\/wp-content\/uploads\/2024\/09\/Logos-Alianzas-PCFHR.jpg\" alt='' title='Logos-Alianzas-PCFHR'  height=\"800\" width=\"800\"  itemprop=\"thumbnailUrl\" srcset=\"https:\/\/womenforpalestine.org\/wp-content\/uploads\/2024\/09\/Logos-Alianzas-PCFHR.jpg 800w, https:\/\/womenforpalestine.org\/wp-content\/uploads\/2024\/09\/Logos-Alianzas-PCFHR-300x300.jpg 300w, https:\/\/womenforpalestine.org\/wp-content\/uploads\/2024\/09\/Logos-Alianzas-PCFHR-80x80.jpg 80w, https:\/\/womenforpalestine.org\/wp-content\/uploads\/2024\/09\/Logos-Alianzas-PCFHR-768x768.jpg 768w, https:\/\/womenforpalestine.org\/wp-content\/uploads\/2024\/09\/Logos-Alianzas-PCFHR-36x36.jpg 36w, https:\/\/womenforpalestine.org\/wp-content\/uploads\/2024\/09\/Logos-Alianzas-PCFHR-180x180.jpg 180w, https:\/\/womenforpalestine.org\/wp-content\/uploads\/2024\/09\/Logos-Alianzas-PCFHR-705x705.jpg 705w\" sizes=\"(max-width: 800px) 100vw, 800px\" \/><\/a><\/div><\/div><\/div><br \/>\n\n<style type=\"text\/css\" data-created_by=\"avia_inline_auto\" id=\"style-css-av-m0m7no17-9f76faa4faa3fdad5465812922313f44\">\n#top .hr.hr-invisible.av-m0m7no17-9f76faa4faa3fdad5465812922313f44{\nheight:40px;\n}\n<\/style>\n<div  class='hr av-m0m7no17-9f76faa4faa3fdad5465812922313f44 hr-invisible  avia-builder-el-7  el_after_av_image  el_before_av_textblock '><span class='hr-inner '><span class=\"hr-inner-style\"><\/span><\/span><\/div><br \/>\n<section  class='av_textblock_section av-m0m7dy8r-ae674abef4a2db768df0f6a4bfcc91d7 '   itemscope=\"itemscope\" itemtype=\"https:\/\/schema.org\/CreativeWork\" ><div class='avia_textblock'  itemprop=\"text\" ><p><span style=\"color: #333333;\">El PCHR es una organizaci\u00f3n sin \u00e1nimo de lucro, independiente y no gubernamental con sede central en Gaza, que investiga y expone las violaciones de los derechos humanos en todo el Estado Palestino Ocupado. Fue fundada en 1995 por abogados palestinos, preocupados por la defensa internacional de los derechos humanos. Desde entonces trabajan con el objetivo de proteger los derechos de la poblaci\u00f3n palestina en el territorio ocupado, proporcionando formaci\u00f3n en DIH y DIDH, abogando por el Estado de Derecho, la buena gobernanza y el desaf\u00edo al clima de impunidad en el \u00e1mbito de la prevenci\u00f3n y la protecci\u00f3n ante crisis cr\u00f3nicas. <\/span><\/p>\n<p><span style=\"color: #333333;\">La labor del Centro se lleva a cabo mediante la documentaci\u00f3n e investigaci\u00f3n de violaciones de los derechos humanos, la prestaci\u00f3n de asistencia jur\u00eddica y asesoramiento tanto a particulares como a grupos, y la preparaci\u00f3n de demandas internacionales y la persecuci\u00f3n de criminales de guerra en todo el mundo.<\/span><\/p>\n<p><a href=\"https:\/\/pchrgaza.org\/\" target=\"_blank\" rel=\"noopener\">https:\/\/pchrgaza.org\/<\/a><\/p>\n<\/div><\/section><\/p><\/div>\n<style type=\"text\/css\" data-created_by=\"avia_inline_auto\" id=\"style-css-av-av_one_half-b67dd21b9b75924b3d2f2a353e968913\">\n.flex_column.av-av_one_half-b67dd21b9b75924b3d2f2a353e968913{\nwidth:45%;\n}\n<\/style>\n<div  class='flex_column av-av_one_half-b67dd21b9b75924b3d2f2a353e968913 av_one_half  avia-builder-el-9  el_after_av_one_half  avia-builder-el-last  first flex_column_div  column-top-margin'     ><p>\n<style type=\"text\/css\" data-created_by=\"avia_inline_auto\" id=\"style-css-av-m9h8ztn3-772832ccc822edf9ff90e8562564217a\">\n.avia-image-container.av-m9h8ztn3-772832ccc822edf9ff90e8562564217a img.avia_image{\nbox-shadow:none;\n}\n.avia-image-container.av-m9h8ztn3-772832ccc822edf9ff90e8562564217a .av-image-caption-overlay-center{\ncolor:#ffffff;\n}\n<\/style>\n<div  class='avia-image-container av-m9h8ztn3-772832ccc822edf9ff90e8562564217a av-styling- av-img-linked avia-align-center  avia-builder-el-10  el_before_av_hr  avia-builder-el-first '   itemprop=\"image\" itemscope=\"itemscope\" itemtype=\"https:\/\/schema.org\/ImageObject\" ><div class=\"avia-image-container-inner\"><div class=\"avia-image-overlay-wrap\"><a href=\"https:\/\/www.instagram.com\/andaluciaconpalestina\/\" class='avia_image '  target=\"_blank\"  rel=\"noopener noreferrer\" aria-label='logo_palestina_color'><img decoding=\"async\" fetchpriority=\"high\" class='wp-image-1393 avia-img-lazy-loading-not-1393 avia_image ' src=\"https:\/\/womenforpalestine.org\/wp-content\/uploads\/2025\/04\/logo_palestina_color-200x300.jpg\" alt='' title='logo_palestina_color'  height=\"300\" width=\"200\"  itemprop=\"thumbnailUrl\" srcset=\"https:\/\/womenforpalestine.org\/wp-content\/uploads\/2025\/04\/logo_palestina_color-200x300.jpg 200w, https:\/\/womenforpalestine.org\/wp-content\/uploads\/2025\/04\/logo_palestina_color-686x1030.jpg 686w, https:\/\/womenforpalestine.org\/wp-content\/uploads\/2025\/04\/logo_palestina_color-768x1152.jpg 768w, https:\/\/womenforpalestine.org\/wp-content\/uploads\/2025\/04\/logo_palestina_color-1024x1536.jpg 1024w, https:\/\/womenforpalestine.org\/wp-content\/uploads\/2025\/04\/logo_palestina_color-1000x1500.jpg 1000w, https:\/\/womenforpalestine.org\/wp-content\/uploads\/2025\/04\/logo_palestina_color-470x705.jpg 470w, https:\/\/womenforpalestine.org\/wp-content\/uploads\/2025\/04\/logo_palestina_color.jpg 1181w\" sizes=\"(max-width: 200px) 100vw, 200px\" \/><\/a><\/div><\/div><\/div><br \/>\n\n<style type=\"text\/css\" data-created_by=\"avia_inline_auto\" id=\"style-css-av-av_hr-65bd92347fddc685eba247be6d5a9a45\">\n#top .hr.hr-invisible.av-av_hr-65bd92347fddc685eba247be6d5a9a45{\nheight:40px;\n}\n<\/style>\n<div  class='hr av-av_hr-65bd92347fddc685eba247be6d5a9a45 hr-invisible  avia-builder-el-11  el_after_av_image  el_before_av_textblock '><span class='hr-inner '><span class=\"hr-inner-style\"><\/span><\/span><\/div><br \/>\n<section  class='av_textblock_section av-m9h94xn8-ee8d6f9c466120f4b3b16e3f1dd9c1f4 '   itemscope=\"itemscope\" itemtype=\"https:\/\/schema.org\/CreativeWork\" ><div class='avia_textblock'  itemprop=\"text\" ><p><span style=\"font-weight: 400;\">La coordinadora \u201cAndaluc\u00eda con Palestina\u201d es una iniciativa ciudadana de car\u00e1cter andaluz, que articula el movimiento de solidaridad con Palestina en Andaluc\u00eda a trav\u00e9s de los colectivos de base que trabajan en el territorio en torno a la defensa de los derechos humanos y la legalidad internacional, la lucha contra la ocupaci\u00f3n de Palestina y contra la impunidad de Israel. Por tanto, un \u00f3rgano de coordinaci\u00f3n andaluz de los diferentes movimientos y entidades que trabajan la causa palestina en las distintas provincias. Forman parte de la misma entidades, colectivos, o personas a t\u00edtulo individual comprometidas con la defensa de los DD.HH en Palestina y la denuncia de las pol\u00edticas sionistas de Israel.\u00a0\u00a0<\/span><\/p>\n<p><a href=\"https:\/\/www.instagram.com\/andaluciaconpalestina\/\">Andaluc\u00eda con Palestina<\/a><\/p>\n<\/div><\/section><\/p><\/div>\n","protected":false},"excerpt":{"rendered":"","protected":false},"author":1,"featured_media":0,"parent":686,"menu_order":1,"comment_status":"closed","ping_status":"closed","template":"","meta":{"footnotes":""},"class_list":["post-856","page","type-page","status-publish","hentry"],"_links":{"self":[{"href":"https:\/\/womenforpalestine.org\/es_es\/wp-json\/wp\/v2\/pages\/856","targetHints":{"allow":["GET"]}}],"collection":[{"href":"https:\/\/womenforpalestine.org\/es_es\/wp-json\/wp\/v2\/pages"}],"about":[{"href":"https:\/\/womenforpalestine.org\/es_es\/wp-json\/wp\/v2\/types\/page"}],"author":[{"embeddable":true,"href":"https:\/\/womenforpalestine.org\/es_es\/wp-json\/wp\/v2\/users\/1"}],"replies":[{"embeddable":true,"href":"https:\/\/womenforpalestine.org\/es_es\/wp-json\/wp\/v2\/comments?post=856"}],"version-history":[{"count":2,"href":"https:\/\/womenforpalestine.org\/es_es\/wp-json\/wp\/v2\/pages\/856\/revisions"}],"predecessor-version":[{"id":1391,"href":"https:\/\/womenforpalestine.org\/es_es\/wp-json\/wp\/v2\/pages\/856\/revisions\/1391"}],"up":[{"embeddable":true,"href":"https:\/\/womenforpalestine.org\/es_es\/wp-json\/wp\/v2\/pages\/686"}],"wp:attachment":[{"href":"https:\/\/womenforpalestine.org\/es_es\/wp-json\/wp\/v2\/media?parent=856"}],"curies":[{"name":"wp","href":"https:\/\/api.w.org\/{rel}","templated":true}]}}