{"id":852,"date":"2024-07-11T11:08:32","date_gmt":"2024-07-11T11:08:32","guid":{"rendered":"https:\/\/womenforpalestine.org\/?page_id=852"},"modified":"2024-07-11T11:08:32","modified_gmt":"2024-07-11T11:08:32","slug":"cv-ruth-de-frutos","status":"publish","type":"page","link":"https:\/\/womenforpalestine.org\/es_es\/cv-ruth-de-frutos\/","title":{"rendered":"CV Ruth de Frutos"},"content":{"rendered":"\n<style type=\"text\/css\" data-created_by=\"avia_inline_auto\" id=\"style-css-av-496rj-89ef08bb11781996dc006721643700ab\">\n.avia-section.av-496rj-89ef08bb11781996dc006721643700ab{\nmargin-top:40px;\nmargin-bottom:40px;\n}\n<\/style>\n<div id='av_section_1'  class='avia-section av-496rj-89ef08bb11781996dc006721643700ab main_color avia-section-default avia-no-border-styling  avia-builder-el-0  avia-builder-el-no-sibling  avia-bg-style-scroll container_wrap fullsize'  ><div class='container av-section-cont-open' ><main  role=\"main\" itemprop=\"mainContentOfPage\"  class='template-page content  av-content-full alpha units'><div class='post-entry post-entry-type-page post-entry-852'><div class='entry-content-wrapper clearfix'>\n<div  class='flex_column av-13f9gv-f2a581c9b25658d886a2aaae0529be89 av_one_fourth  avia-builder-el-1  el_before_av_three_fourth  avia-builder-el-first  first flex_column_div  '     ><style type=\"text\/css\" data-created_by=\"avia_inline_auto\" id=\"style-css-av-z7gyn-e5e600d2372584cf95a1e9a9eeb7b736\">\n.avia-image-container.av-z7gyn-e5e600d2372584cf95a1e9a9eeb7b736 img.avia_image{\nbox-shadow:none;\n}\n.avia-image-container.av-z7gyn-e5e600d2372584cf95a1e9a9eeb7b736 .av-image-caption-overlay-center{\ncolor:#ffffff;\n}\n<\/style>\n<div  class='avia-image-container av-z7gyn-e5e600d2372584cf95a1e9a9eeb7b736 av-styling- avia-align-center  avia-builder-el-2  avia-builder-el-no-sibling '   itemprop=\"image\" itemscope=\"itemscope\" itemtype=\"https:\/\/schema.org\/ImageObject\" ><div class=\"avia-image-container-inner\"><div class=\"avia-image-overlay-wrap\"><img decoding=\"async\" fetchpriority=\"high\" class='wp-image-365 avia-img-lazy-loading-not-365 avia_image ' src=\"https:\/\/womenforpalestine.org\/wp-content\/uploads\/2024\/04\/Ruth-de-Frutos-300x300.jpg\" alt='' title='Ruth de Frutos'  height=\"300\" width=\"300\"  itemprop=\"thumbnailUrl\" srcset=\"https:\/\/womenforpalestine.org\/wp-content\/uploads\/2024\/04\/Ruth-de-Frutos-300x300.jpg 300w, https:\/\/womenforpalestine.org\/wp-content\/uploads\/2024\/04\/Ruth-de-Frutos-80x80.jpg 80w, https:\/\/womenforpalestine.org\/wp-content\/uploads\/2024\/04\/Ruth-de-Frutos-36x36.jpg 36w, https:\/\/womenforpalestine.org\/wp-content\/uploads\/2024\/04\/Ruth-de-Frutos-180x180.jpg 180w, https:\/\/womenforpalestine.org\/wp-content\/uploads\/2024\/04\/Ruth-de-Frutos.jpg 400w\" sizes=\"(max-width: 300px) 100vw, 300px\" \/><\/div><\/div><\/div><\/div><div  class='flex_column av-swifr-ea28f54fb86280182f1bed55f724be7d av_three_fourth  avia-builder-el-3  el_after_av_one_fourth  avia-builder-el-last  flex_column_div  '     ><p>\n<style type=\"text\/css\" data-created_by=\"avia_inline_auto\" id=\"style-css-av-kje5r-72b5b00b3b94907541e7041f25b92a5f\">\n#top .av-special-heading.av-kje5r-72b5b00b3b94907541e7041f25b92a5f{\npadding-bottom:10px;\n}\nbody .av-special-heading.av-kje5r-72b5b00b3b94907541e7041f25b92a5f .av-special-heading-tag .heading-char{\nfont-size:25px;\n}\n.av-special-heading.av-kje5r-72b5b00b3b94907541e7041f25b92a5f .av-subheading{\nfont-size:15px;\n}\n<\/style>\n<div  class='av-special-heading av-kje5r-72b5b00b3b94907541e7041f25b92a5f av-special-heading-h2 blockquote modern-quote  avia-builder-el-4  el_before_av_hr  avia-builder-el-first '><h2 class='av-special-heading-tag '  itemprop=\"headline\"  >Ruth de Frutos<\/h2><div class=\"special-heading-border\"><div class=\"special-heading-inner-border\"><\/div><\/div><\/div><br \/>\n\n<style type=\"text\/css\" data-created_by=\"avia_inline_auto\" id=\"style-css-av-fyvbj-ebec1551ed7e2e27e5399fad9d0fb044\">\n#top .hr.hr-invisible.av-fyvbj-ebec1551ed7e2e27e5399fad9d0fb044{\nheight:30px;\n}\n<\/style>\n<div  class='hr av-fyvbj-ebec1551ed7e2e27e5399fad9d0fb044 hr-invisible  avia-builder-el-5  el_after_av_heading  el_before_av_textblock '><span class='hr-inner '><span class=\"hr-inner-style\"><\/span><\/span><\/div><br \/>\n<section  class='av_textblock_section av-a3at3-fde7217f870de50880ac779110113ac4 '   itemscope=\"itemscope\" itemtype=\"https:\/\/schema.org\/CreativeWork\" ><div class='avia_textblock'  itemprop=\"text\" ><div class=\"page\" title=\"Page 2\">\n<div class=\"section\">\n<div class=\"section\">\n<div class=\"layoutArea\">\n<div class=\"column\">\n<div class=\"page\" title=\"Page 2\">\n<div class=\"section\">\n<div class=\"layoutArea\">\n<div class=\"column\">\n<p><strong>NOMBRE Y APELLIDO:<\/strong> Ruth de Frutos<br \/>\n<strong>CARGO:<\/strong> Investigadora<br \/>\n<strong>UNIVERSIDAD\/ORGANIZACI\u00d3N:<\/strong> &#8212;<br \/>\n<strong>PAIS:<\/strong> Espa\u00f1a<\/p>\n<p>Doctora en Periodismo por la UMA (2014) ha realizado un M\u00e1ster en Periodismo y Nuevos Escenarios y otro en Cooperaci\u00f3n Internacional y Pol\u00edticas de Desarrollo.<\/p>\n<p>Fue coordinadora de la C\u00e1tedra UNESCO de Comunicaci\u00f3n de la UMA (2016-2020) y ha trabajado para organizaciones internacionales como UNESCO, la Organizaci\u00f3n Internacional de las Migraciones y ONGs como Article 19.<\/p>\n<p>Ganadora del Premio de Periodismo Ateneo de M\u00e1laga-UMA 2022, Premio Alberto Almansa de Periodismo Ciudadano 2018 y finalista del IX Premio Internacional de Periodismo Colombine 2020, de Frutos ha compaginado su trayectoria como periodista con la acad\u00e9mica.<\/p>\n<\/div>\n<\/div>\n<\/div>\n<\/div>\n<\/div>\n<\/div>\n<\/div>\n<\/div>\n<\/div>\n<\/div><\/section><\/p><\/div>\n","protected":false},"excerpt":{"rendered":"","protected":false},"author":1,"featured_media":0,"parent":0,"menu_order":101,"comment_status":"closed","ping_status":"closed","template":"template-blank.php","meta":{"footnotes":""},"class_list":["post-852","page","type-page","status-publish","hentry"],"_links":{"self":[{"href":"https:\/\/womenforpalestine.org\/es_es\/wp-json\/wp\/v2\/pages\/852","targetHints":{"allow":["GET"]}}],"collection":[{"href":"https:\/\/womenforpalestine.org\/es_es\/wp-json\/wp\/v2\/pages"}],"about":[{"href":"https:\/\/womenforpalestine.org\/es_es\/wp-json\/wp\/v2\/types\/page"}],"author":[{"embeddable":true,"href":"https:\/\/womenforpalestine.org\/es_es\/wp-json\/wp\/v2\/users\/1"}],"replies":[{"embeddable":true,"href":"https:\/\/womenforpalestine.org\/es_es\/wp-json\/wp\/v2\/comments?post=852"}],"version-history":[{"count":0,"href":"https:\/\/womenforpalestine.org\/es_es\/wp-json\/wp\/v2\/pages\/852\/revisions"}],"wp:attachment":[{"href":"https:\/\/womenforpalestine.org\/es_es\/wp-json\/wp\/v2\/media?parent=852"}],"curies":[{"name":"wp","href":"https:\/\/api.w.org\/{rel}","templated":true}]}}