{"id":849,"date":"2024-07-11T11:06:31","date_gmt":"2024-07-11T11:06:31","guid":{"rendered":"https:\/\/womenforpalestine.org\/?page_id=849"},"modified":"2024-07-11T11:06:31","modified_gmt":"2024-07-11T11:06:31","slug":"cv-marcial-garcia","status":"publish","type":"page","link":"https:\/\/womenforpalestine.org\/es_es\/cv-marcial-garcia\/","title":{"rendered":"CV Marcial Garc\u00eda"},"content":{"rendered":"\n<style type=\"text\/css\" data-created_by=\"avia_inline_auto\" id=\"style-css-av-496rj-89ef08bb11781996dc006721643700ab\">\n.avia-section.av-496rj-89ef08bb11781996dc006721643700ab{\nmargin-top:40px;\nmargin-bottom:40px;\n}\n<\/style>\n<div id='av_section_1'  class='avia-section av-496rj-89ef08bb11781996dc006721643700ab main_color avia-section-default avia-no-border-styling  avia-builder-el-0  avia-builder-el-no-sibling  avia-bg-style-scroll container_wrap fullsize'  ><div class='container av-section-cont-open' ><main  role=\"main\" itemprop=\"mainContentOfPage\"  class='template-page content  av-content-full alpha units'><div class='post-entry post-entry-type-page post-entry-849'><div class='entry-content-wrapper clearfix'>\n<div  class='flex_column av-13f9gv-f2a581c9b25658d886a2aaae0529be89 av_one_fourth  avia-builder-el-1  el_before_av_three_fourth  avia-builder-el-first  first flex_column_div  '     ><style type=\"text\/css\" data-created_by=\"avia_inline_auto\" id=\"style-css-av-z7gyn-9a77bcb85a426b432fb95b0d717181a7\">\n.avia-image-container.av-z7gyn-9a77bcb85a426b432fb95b0d717181a7 img.avia_image{\nbox-shadow:none;\n}\n.avia-image-container.av-z7gyn-9a77bcb85a426b432fb95b0d717181a7 .av-image-caption-overlay-center{\ncolor:#ffffff;\n}\n<\/style>\n<div  class='avia-image-container av-z7gyn-9a77bcb85a426b432fb95b0d717181a7 av-styling- avia-align-center  avia-builder-el-2  avia-builder-el-no-sibling '   itemprop=\"image\" itemscope=\"itemscope\" itemtype=\"https:\/\/schema.org\/ImageObject\" ><div class=\"avia-image-container-inner\"><div class=\"avia-image-overlay-wrap\"><img decoding=\"async\" fetchpriority=\"high\" class='wp-image-370 avia-img-lazy-loading-not-370 avia_image ' src=\"https:\/\/womenforpalestine.org\/wp-content\/uploads\/2024\/04\/Marcial-Garcia-300x300.jpg\" alt='' title='Marcial Garci\u0301a'  height=\"300\" width=\"300\"  itemprop=\"thumbnailUrl\" srcset=\"https:\/\/womenforpalestine.org\/wp-content\/uploads\/2024\/04\/Marcial-Garcia-300x300.jpg 300w, https:\/\/womenforpalestine.org\/wp-content\/uploads\/2024\/04\/Marcial-Garcia-80x80.jpg 80w, https:\/\/womenforpalestine.org\/wp-content\/uploads\/2024\/04\/Marcial-Garcia-36x36.jpg 36w, https:\/\/womenforpalestine.org\/wp-content\/uploads\/2024\/04\/Marcial-Garcia-180x180.jpg 180w, https:\/\/womenforpalestine.org\/wp-content\/uploads\/2024\/04\/Marcial-Garcia.jpg 400w\" sizes=\"(max-width: 300px) 100vw, 300px\" \/><\/div><\/div><\/div><\/div><div  class='flex_column av-swifr-ea28f54fb86280182f1bed55f724be7d av_three_fourth  avia-builder-el-3  el_after_av_one_fourth  avia-builder-el-last  flex_column_div  '     ><p>\n<style type=\"text\/css\" data-created_by=\"avia_inline_auto\" id=\"style-css-av-kje5r-0a12c584a3379141b4b505b4841f88c6\">\n#top .av-special-heading.av-kje5r-0a12c584a3379141b4b505b4841f88c6{\npadding-bottom:10px;\n}\nbody .av-special-heading.av-kje5r-0a12c584a3379141b4b505b4841f88c6 .av-special-heading-tag .heading-char{\nfont-size:25px;\n}\n.av-special-heading.av-kje5r-0a12c584a3379141b4b505b4841f88c6 .av-subheading{\nfont-size:15px;\n}\n<\/style>\n<div  class='av-special-heading av-kje5r-0a12c584a3379141b4b505b4841f88c6 av-special-heading-h2 blockquote modern-quote  avia-builder-el-4  el_before_av_hr  avia-builder-el-first '><h2 class='av-special-heading-tag '  itemprop=\"headline\"  >Marcial Garc\u00eda<\/h2><div class=\"special-heading-border\"><div class=\"special-heading-inner-border\"><\/div><\/div><\/div><br \/>\n\n<style type=\"text\/css\" data-created_by=\"avia_inline_auto\" id=\"style-css-av-fyvbj-ebec1551ed7e2e27e5399fad9d0fb044\">\n#top .hr.hr-invisible.av-fyvbj-ebec1551ed7e2e27e5399fad9d0fb044{\nheight:30px;\n}\n<\/style>\n<div  class='hr av-fyvbj-ebec1551ed7e2e27e5399fad9d0fb044 hr-invisible  avia-builder-el-5  el_after_av_heading  el_before_av_textblock '><span class='hr-inner '><span class=\"hr-inner-style\"><\/span><\/span><\/div><br \/>\n<section  class='av_textblock_section av-a3at3-fde7217f870de50880ac779110113ac4 '   itemscope=\"itemscope\" itemtype=\"https:\/\/schema.org\/CreativeWork\" ><div class='avia_textblock'  itemprop=\"text\" ><div class=\"page\" title=\"Page 2\">\n<div class=\"section\">\n<div class=\"section\">\n<div class=\"layoutArea\">\n<div class=\"column\">\n<div class=\"page\" title=\"Page 2\">\n<div class=\"section\">\n<div class=\"layoutArea\">\n<div class=\"column\">\n<p><strong>NOMBRE Y APELLIDO:<\/strong> Marcial Garc\u00eda<br \/>\n<strong>CARGO:<\/strong> Profesor<br \/>\n<strong>UNIVERSIDAD\/ORGANIZACI\u00d3N:<\/strong> Universidad de Malaga<br \/>\n<strong>PA\u00cdS:<\/strong> Espa\u00f1a<\/p>\n<\/div>\n<p>Profesor Titular en la Facultad de Ciencias de la Comunicaci\u00f3n de la\u00a0Universidad de M\u00e1laga. Doctor en Ciencias de la Informaci\u00f3n. Vicedecano\u00a0de Estudiantes, Cultura y Cooperaci\u00f3n del Centro. Docente de las\u00a0asignaturas Creatividad Publicitaria y Comunicaci\u00f3n para la Acci\u00f3n\u00a0Social. Miembro de la Comisi\u00f3n de seguimiento del C\u00f3digo \u00c9tico y de la\u00a0Comisi\u00f3n de Comunicaci\u00f3n de La Coordinadora de ONGD de Espa\u00f1a.\u00a0Coordinador de un proyecto de cooperaci\u00f3n en El Salvador y miembro del\u00a0equipo de un proyecto de cooperaci\u00f3n en Bolivia, ambos financiados por\u00a0la AECID.<\/p>\n<p>Asimismo ha coordinado tres proyectos de voluntariado en\u00a0cooperaci\u00f3n de la UMA en Palestina, financiados por la AACID. Las\u00a0principales l\u00edneas de investigaci\u00f3n en las que trabajo abordan la\u00a0comunicaci\u00f3n en ONGD y cooperaci\u00f3n, comunicaci\u00f3n\u00a0transformadora y de\u00a0cambio social, creatividad y movimientos sociales. (He intentado ser muy\u00a0breve y concreto.<\/p>\n<\/div>\n<\/div>\n<\/div>\n<\/div>\n<\/div>\n<\/div>\n<\/div>\n<\/div>\n<\/div><\/section><\/p><\/div>\n","protected":false},"excerpt":{"rendered":"","protected":false},"author":1,"featured_media":0,"parent":0,"menu_order":101,"comment_status":"closed","ping_status":"closed","template":"template-blank.php","meta":{"footnotes":""},"class_list":["post-849","page","type-page","status-publish","hentry"],"_links":{"self":[{"href":"https:\/\/womenforpalestine.org\/es_es\/wp-json\/wp\/v2\/pages\/849","targetHints":{"allow":["GET"]}}],"collection":[{"href":"https:\/\/womenforpalestine.org\/es_es\/wp-json\/wp\/v2\/pages"}],"about":[{"href":"https:\/\/womenforpalestine.org\/es_es\/wp-json\/wp\/v2\/types\/page"}],"author":[{"embeddable":true,"href":"https:\/\/womenforpalestine.org\/es_es\/wp-json\/wp\/v2\/users\/1"}],"replies":[{"embeddable":true,"href":"https:\/\/womenforpalestine.org\/es_es\/wp-json\/wp\/v2\/comments?post=849"}],"version-history":[{"count":0,"href":"https:\/\/womenforpalestine.org\/es_es\/wp-json\/wp\/v2\/pages\/849\/revisions"}],"wp:attachment":[{"href":"https:\/\/womenforpalestine.org\/es_es\/wp-json\/wp\/v2\/media?parent=849"}],"curies":[{"name":"wp","href":"https:\/\/api.w.org\/{rel}","templated":true}]}}