{"id":845,"date":"2024-07-11T11:03:25","date_gmt":"2024-07-11T11:03:25","guid":{"rendered":"https:\/\/womenforpalestine.org\/?page_id=845"},"modified":"2024-07-11T11:03:25","modified_gmt":"2024-07-11T11:03:25","slug":"cv-manal-tamimi","status":"publish","type":"page","link":"https:\/\/womenforpalestine.org\/es_es\/cv-manal-tamimi\/","title":{"rendered":"CV Manal Tamimi"},"content":{"rendered":"\n<style type=\"text\/css\" data-created_by=\"avia_inline_auto\" id=\"style-css-av-496rj-89ef08bb11781996dc006721643700ab\">\n.avia-section.av-496rj-89ef08bb11781996dc006721643700ab{\nmargin-top:40px;\nmargin-bottom:40px;\n}\n<\/style>\n<div id='av_section_1'  class='avia-section av-496rj-89ef08bb11781996dc006721643700ab main_color avia-section-default avia-no-border-styling  avia-builder-el-0  avia-builder-el-no-sibling  avia-bg-style-scroll container_wrap fullsize'  ><div class='container av-section-cont-open' ><main  role=\"main\" itemprop=\"mainContentOfPage\"  class='template-page content  av-content-full alpha units'><div class='post-entry post-entry-type-page post-entry-845'><div class='entry-content-wrapper clearfix'>\n<div  class='flex_column av-13f9gv-f2a581c9b25658d886a2aaae0529be89 av_one_fourth  avia-builder-el-1  el_before_av_three_fourth  avia-builder-el-first  first flex_column_div  '     ><style type=\"text\/css\" data-created_by=\"avia_inline_auto\" id=\"style-css-av-z7gyn-fd64855ef9493f88c9f60347dcae0020\">\n.avia-image-container.av-z7gyn-fd64855ef9493f88c9f60347dcae0020 img.avia_image{\nbox-shadow:none;\n}\n.avia-image-container.av-z7gyn-fd64855ef9493f88c9f60347dcae0020 .av-image-caption-overlay-center{\ncolor:#ffffff;\n}\n<\/style>\n<div  class='avia-image-container av-z7gyn-fd64855ef9493f88c9f60347dcae0020 av-styling- avia-align-center  avia-builder-el-2  avia-builder-el-no-sibling '   itemprop=\"image\" itemscope=\"itemscope\" itemtype=\"https:\/\/schema.org\/ImageObject\" ><div class=\"avia-image-container-inner\"><div class=\"avia-image-overlay-wrap\"><img decoding=\"async\" fetchpriority=\"high\" class='wp-image-377 avia-img-lazy-loading-not-377 avia_image ' src=\"https:\/\/womenforpalestine.org\/wp-content\/uploads\/2024\/04\/Manal-Tamimi-300x300.jpg\" alt='' title='Manal Tamimi'  height=\"300\" width=\"300\"  itemprop=\"thumbnailUrl\" srcset=\"https:\/\/womenforpalestine.org\/wp-content\/uploads\/2024\/04\/Manal-Tamimi-300x300.jpg 300w, https:\/\/womenforpalestine.org\/wp-content\/uploads\/2024\/04\/Manal-Tamimi-80x80.jpg 80w, https:\/\/womenforpalestine.org\/wp-content\/uploads\/2024\/04\/Manal-Tamimi-36x36.jpg 36w, https:\/\/womenforpalestine.org\/wp-content\/uploads\/2024\/04\/Manal-Tamimi-180x180.jpg 180w, https:\/\/womenforpalestine.org\/wp-content\/uploads\/2024\/04\/Manal-Tamimi.jpg 400w\" sizes=\"(max-width: 300px) 100vw, 300px\" \/><\/div><\/div><\/div><\/div><div  class='flex_column av-swifr-ea28f54fb86280182f1bed55f724be7d av_three_fourth  avia-builder-el-3  el_after_av_one_fourth  avia-builder-el-last  flex_column_div  '     ><p>\n<style type=\"text\/css\" data-created_by=\"avia_inline_auto\" id=\"style-css-av-kje5r-6d4d51c79f3305ac8b5e49d76e584184\">\n#top .av-special-heading.av-kje5r-6d4d51c79f3305ac8b5e49d76e584184{\npadding-bottom:10px;\n}\nbody .av-special-heading.av-kje5r-6d4d51c79f3305ac8b5e49d76e584184 .av-special-heading-tag .heading-char{\nfont-size:25px;\n}\n.av-special-heading.av-kje5r-6d4d51c79f3305ac8b5e49d76e584184 .av-subheading{\nfont-size:15px;\n}\n<\/style>\n<div  class='av-special-heading av-kje5r-6d4d51c79f3305ac8b5e49d76e584184 av-special-heading-h2 blockquote modern-quote  avia-builder-el-4  el_before_av_hr  avia-builder-el-first '><h2 class='av-special-heading-tag '  itemprop=\"headline\"  >Manal Tamimi<\/h2><div class=\"special-heading-border\"><div class=\"special-heading-inner-border\"><\/div><\/div><\/div><br \/>\n\n<style type=\"text\/css\" data-created_by=\"avia_inline_auto\" id=\"style-css-av-fyvbj-ebec1551ed7e2e27e5399fad9d0fb044\">\n#top .hr.hr-invisible.av-fyvbj-ebec1551ed7e2e27e5399fad9d0fb044{\nheight:30px;\n}\n<\/style>\n<div  class='hr av-fyvbj-ebec1551ed7e2e27e5399fad9d0fb044 hr-invisible  avia-builder-el-5  el_after_av_heading  el_before_av_textblock '><span class='hr-inner '><span class=\"hr-inner-style\"><\/span><\/span><\/div><br \/>\n<section  class='av_textblock_section av-a3at3-fde7217f870de50880ac779110113ac4 '   itemscope=\"itemscope\" itemtype=\"https:\/\/schema.org\/CreativeWork\" ><div class='avia_textblock'  itemprop=\"text\" ><div class=\"page\" title=\"Page 2\">\n<div class=\"section\">\n<div class=\"section\">\n<div class=\"layoutArea\">\n<div class=\"column\">\n<div class=\"page\" title=\"Page 2\">\n<div class=\"section\">\n<div class=\"layoutArea\">\n<div class=\"column\">\n<p><strong>NOMBRE Y APELLIDO:<\/strong> Manal Tamimi<br \/>\n<strong>CARGO:<\/strong> Coordinadora entrevistas terreno<br \/>\n<strong>UNIVERSIDAD\/ORGANIZACI\u00d3N:<\/strong> &#8212;<br \/>\n<strong>PA\u00cdS:<\/strong> &#8212;<\/p>\n<\/div>\n<p>En 2009, colonos israel\u00edes de un asentamiento cercano tomaron el control de una de las principales fuentes de agua del pueblo. Cuando eso ocurri\u00f3, \u00abdos tercios de las tierras de las aldeas ya hab\u00edan sido confiscadas por los colonos\u00bb.<\/p>\n<p>Desde entonces, los habitantes de Nabi Saleh organizaron la primera de las manifestaciones semanales que, a d\u00eda de hoy, celebran todos los viernes. Las mujeres han sido, desde entonces, l\u00edderes del movimiento, ejemplo e inspiraci\u00f3n para otros muchos lugares en los que su existencia se debe a su resistencia en el lugar.<\/p>\n<p>Tamimi estudi\u00f3 un m\u00e1ster en Derecho Internacional en la Universidad Al-Quds. Es miembro del Comit\u00e9 de Coordinaci\u00f3n de la Lucha Popular (PSCC), organizaci\u00f3n que agrupa a los Comit\u00e9s de Resistencia Popular de Cisjordania. Ha viajado por todo el mundo (L\u00edbano, Italia, Francia, Espa\u00f1a y Estados Unidos) para denunciar la violaci\u00f3n de los derechos del pueblo palestino.<\/p>\n<p>Ella misma ha conocido la represi\u00f3n. La han detenido cuatro veces y la han herido varias veces, una de ellas por la bala de un francotirador. Incluso sus hijos Osama y Muhammad han sido encarcelados muchas veces.<\/p>\n<p>Manal Tamimi ha escrito, junto con otros autores, el libro Ahed\u00a0Tamimi: A Girl\u00a0who\u00a0Fought Back, que narra la detenci\u00f3n de su sobrina por el ej\u00e9rcito israel\u00ed.<\/p>\n<p>\u201cPuede que avancemos a paso de tortuga hacia la liberaci\u00f3n, pero tenemos la determinaci\u00f3n y la voluntad de avanzar hasta la liberaci\u00f3n, no importa el tiempo que nos lleve\u201d.<\/p>\n<\/div>\n<\/div>\n<\/div>\n<\/div>\n<\/div>\n<\/div>\n<\/div>\n<\/div>\n<\/div><\/section><\/p><\/div>\n","protected":false},"excerpt":{"rendered":"","protected":false},"author":1,"featured_media":0,"parent":0,"menu_order":101,"comment_status":"closed","ping_status":"closed","template":"template-blank.php","meta":{"footnotes":""},"class_list":["post-845","page","type-page","status-publish","hentry"],"_links":{"self":[{"href":"https:\/\/womenforpalestine.org\/es_es\/wp-json\/wp\/v2\/pages\/845","targetHints":{"allow":["GET"]}}],"collection":[{"href":"https:\/\/womenforpalestine.org\/es_es\/wp-json\/wp\/v2\/pages"}],"about":[{"href":"https:\/\/womenforpalestine.org\/es_es\/wp-json\/wp\/v2\/types\/page"}],"author":[{"embeddable":true,"href":"https:\/\/womenforpalestine.org\/es_es\/wp-json\/wp\/v2\/users\/1"}],"replies":[{"embeddable":true,"href":"https:\/\/womenforpalestine.org\/es_es\/wp-json\/wp\/v2\/comments?post=845"}],"version-history":[{"count":0,"href":"https:\/\/womenforpalestine.org\/es_es\/wp-json\/wp\/v2\/pages\/845\/revisions"}],"wp:attachment":[{"href":"https:\/\/womenforpalestine.org\/es_es\/wp-json\/wp\/v2\/media?parent=845"}],"curies":[{"name":"wp","href":"https:\/\/api.w.org\/{rel}","templated":true}]}}