{"id":841,"date":"2024-07-11T11:01:49","date_gmt":"2024-07-11T11:01:49","guid":{"rendered":"https:\/\/womenforpalestine.org\/?page_id=841"},"modified":"2024-07-11T11:01:49","modified_gmt":"2024-07-11T11:01:49","slug":"cv-mahmoud-soliman","status":"publish","type":"page","link":"https:\/\/womenforpalestine.org\/es_es\/cv-mahmoud-soliman\/","title":{"rendered":"CV Mahmoud Soliman"},"content":{"rendered":"\n<style type=\"text\/css\" data-created_by=\"avia_inline_auto\" id=\"style-css-av-496rj-89ef08bb11781996dc006721643700ab\">\n.avia-section.av-496rj-89ef08bb11781996dc006721643700ab{\nmargin-top:40px;\nmargin-bottom:40px;\n}\n<\/style>\n<div id='av_section_1'  class='avia-section av-496rj-89ef08bb11781996dc006721643700ab main_color avia-section-default avia-no-border-styling  avia-builder-el-0  avia-builder-el-no-sibling  avia-bg-style-scroll container_wrap fullsize'  ><div class='container av-section-cont-open' ><main  role=\"main\" itemprop=\"mainContentOfPage\"  class='template-page content  av-content-full alpha units'><div class='post-entry post-entry-type-page post-entry-841'><div class='entry-content-wrapper clearfix'>\n<div  class='flex_column av-13f9gv-f2a581c9b25658d886a2aaae0529be89 av_one_fourth  avia-builder-el-1  el_before_av_three_fourth  avia-builder-el-first  first flex_column_div  '     ><style type=\"text\/css\" data-created_by=\"avia_inline_auto\" id=\"style-css-av-z7gyn-53a0f3db5365cc37b40b7ed11327c54f\">\n.avia-image-container.av-z7gyn-53a0f3db5365cc37b40b7ed11327c54f img.avia_image{\nbox-shadow:none;\n}\n.avia-image-container.av-z7gyn-53a0f3db5365cc37b40b7ed11327c54f .av-image-caption-overlay-center{\ncolor:#ffffff;\n}\n<\/style>\n<div  class='avia-image-container av-z7gyn-53a0f3db5365cc37b40b7ed11327c54f av-styling- avia-align-center  avia-builder-el-2  avia-builder-el-no-sibling '   itemprop=\"image\" itemscope=\"itemscope\" itemtype=\"https:\/\/schema.org\/ImageObject\" ><div class=\"avia-image-container-inner\"><div class=\"avia-image-overlay-wrap\"><img decoding=\"async\" fetchpriority=\"high\" class='wp-image-375 avia-img-lazy-loading-not-375 avia_image ' src=\"https:\/\/womenforpalestine.org\/wp-content\/uploads\/2024\/04\/Mahmoud-Soliman-300x300.jpg\" alt='' title='Mahmoud Soliman'  height=\"300\" width=\"300\"  itemprop=\"thumbnailUrl\" srcset=\"https:\/\/womenforpalestine.org\/wp-content\/uploads\/2024\/04\/Mahmoud-Soliman-300x300.jpg 300w, https:\/\/womenforpalestine.org\/wp-content\/uploads\/2024\/04\/Mahmoud-Soliman-80x80.jpg 80w, https:\/\/womenforpalestine.org\/wp-content\/uploads\/2024\/04\/Mahmoud-Soliman-36x36.jpg 36w, https:\/\/womenforpalestine.org\/wp-content\/uploads\/2024\/04\/Mahmoud-Soliman-180x180.jpg 180w, https:\/\/womenforpalestine.org\/wp-content\/uploads\/2024\/04\/Mahmoud-Soliman.jpg 400w\" sizes=\"(max-width: 300px) 100vw, 300px\" \/><\/div><\/div><\/div><\/div><div  class='flex_column av-swifr-ea28f54fb86280182f1bed55f724be7d av_three_fourth  avia-builder-el-3  el_after_av_one_fourth  avia-builder-el-last  flex_column_div  '     ><p>\n<style type=\"text\/css\" data-created_by=\"avia_inline_auto\" id=\"style-css-av-kje5r-abe639d07921b353db2bdd392d7ab732\">\n#top .av-special-heading.av-kje5r-abe639d07921b353db2bdd392d7ab732{\npadding-bottom:10px;\n}\nbody .av-special-heading.av-kje5r-abe639d07921b353db2bdd392d7ab732 .av-special-heading-tag .heading-char{\nfont-size:25px;\n}\n.av-special-heading.av-kje5r-abe639d07921b353db2bdd392d7ab732 .av-subheading{\nfont-size:15px;\n}\n<\/style>\n<div  class='av-special-heading av-kje5r-abe639d07921b353db2bdd392d7ab732 av-special-heading-h2 blockquote modern-quote  avia-builder-el-4  el_before_av_hr  avia-builder-el-first '><h2 class='av-special-heading-tag '  itemprop=\"headline\"  >Mahmoud Soliman<\/h2><div class=\"special-heading-border\"><div class=\"special-heading-inner-border\"><\/div><\/div><\/div><br \/>\n\n<style type=\"text\/css\" data-created_by=\"avia_inline_auto\" id=\"style-css-av-fyvbj-ebec1551ed7e2e27e5399fad9d0fb044\">\n#top .hr.hr-invisible.av-fyvbj-ebec1551ed7e2e27e5399fad9d0fb044{\nheight:30px;\n}\n<\/style>\n<div  class='hr av-fyvbj-ebec1551ed7e2e27e5399fad9d0fb044 hr-invisible  avia-builder-el-5  el_after_av_heading  el_before_av_textblock '><span class='hr-inner '><span class=\"hr-inner-style\"><\/span><\/span><\/div><br \/>\n<section  class='av_textblock_section av-a3at3-fde7217f870de50880ac779110113ac4 '   itemscope=\"itemscope\" itemtype=\"https:\/\/schema.org\/CreativeWork\" ><div class='avia_textblock'  itemprop=\"text\" ><div class=\"page\" title=\"Page 2\">\n<div class=\"section\">\n<div class=\"section\">\n<div class=\"layoutArea\">\n<div class=\"column\">\n<div class=\"page\" title=\"Page 2\">\n<div class=\"section\">\n<div class=\"layoutArea\">\n<div class=\"column\">\n<p><strong>NOMBRE Y APELLIDO:<\/strong> Mahmoud Soliman<br \/>\n<strong>CARGO:<\/strong> Research Fellow<br \/>\n<strong>UNIVERSIDAD\/ORGANIZACI\u00d3N:<\/strong> Coventry University, UK<br \/>\n<strong>PA\u00cdS:<\/strong> United Kingdom<br \/>\n<strong>E-MAIL:<\/strong> ad4361@coventry.ac.uk<\/p>\n<\/div>\n<p>Tiene m\u00e1s de 20 a\u00f1os de experiencia en la organizaci\u00f3n de campa\u00f1as no violentas y acciones colectivas no violentas contra la construcci\u00f3n del Muro de Segregaci\u00f3n y los asentamientos israel\u00edes en la Palestina ocupada. Es uno de los fundadores de la\u00a0red palestina de resistencia popular no violenta denominada Comit\u00e9 de Coordinaci\u00f3n de la Lucha Popular (PSCC, por sus siglas en ingl\u00e9s) y cofundador del comit\u00e9 de resistencia popular no violenta de la zona sur de Bel\u00e9n, en la Palestina ocupada. El PSCC fue creado en 2009 por activistas de base de los distintos pueblos de la Palestina ocupada que hab\u00edan resistido al Muro de Segregaci\u00f3n y al desplazamiento forzoso de comunidades en la d\u00e9cada anterior. Ha funcionado como una organizaci\u00f3n paraguas que apoya las campa\u00f1as no violentas con recursos materiales y planificaci\u00f3n estrat\u00e9gica y fomentando las capacidades de los activistas.<\/p>\n<p>Mahmoud ha llevado a cabo varios proyectos de investigaci\u00f3n en colaboraci\u00f3n con centros de investigaci\u00f3n de distintas universidades del Reino Unido y Estados Unidos. Su investigaci\u00f3n se centra en la resistencia no violenta, la protecci\u00f3n de civiles desarmados y la movilizaci\u00f3n. Su investigaci\u00f3n actual trata sobre la protecci\u00f3n de civiles desarmados en Masaf\u00a0Yatta.<\/p>\n<p>Ha publicado varios art\u00edculos en revistas especializadas sobre el desarrollo de las capacidades de los j\u00f3venes a trav\u00e9s de un proyecto participativo de historia oral: The South Hebron\u00a0Hills case study. Una monograf\u00eda sobre Movimientos de Resistencia Civil y Recursos Materiales con ICNC.<\/p>\n<p>Desde 2011, Soliman ha estado coordinando varios proyectos en Palestina en el \u00e1mbito de la protecci\u00f3n de los derechos humanos, la mejora de los pueblos Sumud y proyectos de creaci\u00f3n de capacidades de los j\u00f3venes. En los dos \u00faltimos a\u00f1os, Soliman ha coordinado un proyecto llamado \u00abEn nuestra tierra\u00bb en comunidades marginadas del sur de las colinas de Hebr\u00f3n y el valle del Jord\u00e1n, en la Palestina ocupada, para proteger su patrimonio cultural de la ocupaci\u00f3n israel\u00ed.<\/p>\n<p class=\"p1\">Soliman fue reconocido por distintas organizaciones de derechos humanos, como Protect\u00a0Defenders, (defensor de los derechos humanos). Estuvo destinado en el Reino Unido entre 2015 y 2019. Recientemente ha escrito \u201cResistance in Occupied Palestine and the Use of Creative International Solidarity\u00a0through\u00a0Song\u00bb que se publicar\u00e1 en la revista internacional Journal\u00a0of\u00a0Arts &amp; Communities. Repensar la esfera dom\u00e9stica cotidiana: Las mujeres palestinas como guerreras ecologistas y anticoloniales.<\/p>\n<\/div>\n<\/div>\n<\/div>\n<\/div>\n<\/div>\n<\/div>\n<\/div>\n<\/div>\n<\/div><\/section><\/p><\/div>\n","protected":false},"excerpt":{"rendered":"","protected":false},"author":1,"featured_media":0,"parent":0,"menu_order":101,"comment_status":"closed","ping_status":"closed","template":"template-blank.php","meta":{"footnotes":""},"class_list":["post-841","page","type-page","status-publish","hentry"],"_links":{"self":[{"href":"https:\/\/womenforpalestine.org\/es_es\/wp-json\/wp\/v2\/pages\/841","targetHints":{"allow":["GET"]}}],"collection":[{"href":"https:\/\/womenforpalestine.org\/es_es\/wp-json\/wp\/v2\/pages"}],"about":[{"href":"https:\/\/womenforpalestine.org\/es_es\/wp-json\/wp\/v2\/types\/page"}],"author":[{"embeddable":true,"href":"https:\/\/womenforpalestine.org\/es_es\/wp-json\/wp\/v2\/users\/1"}],"replies":[{"embeddable":true,"href":"https:\/\/womenforpalestine.org\/es_es\/wp-json\/wp\/v2\/comments?post=841"}],"version-history":[{"count":0,"href":"https:\/\/womenforpalestine.org\/es_es\/wp-json\/wp\/v2\/pages\/841\/revisions"}],"wp:attachment":[{"href":"https:\/\/womenforpalestine.org\/es_es\/wp-json\/wp\/v2\/media?parent=841"}],"curies":[{"name":"wp","href":"https:\/\/api.w.org\/{rel}","templated":true}]}}