{"id":804,"date":"2024-07-11T09:11:35","date_gmt":"2024-07-11T09:11:35","guid":{"rendered":"https:\/\/womenforpalestine.org\/?page_id=804"},"modified":"2024-07-11T09:11:35","modified_gmt":"2024-07-11T09:11:35","slug":"cv-alejandro-alvarado","status":"publish","type":"page","link":"https:\/\/womenforpalestine.org\/es_es\/cv-alejandro-alvarado\/","title":{"rendered":"CV Alejandro Alvarado"},"content":{"rendered":"\n<style type=\"text\/css\" data-created_by=\"avia_inline_auto\" id=\"style-css-av-496rj-89ef08bb11781996dc006721643700ab\">\n.avia-section.av-496rj-89ef08bb11781996dc006721643700ab{\nmargin-top:40px;\nmargin-bottom:40px;\n}\n<\/style>\n<div id='av_section_1'  class='avia-section av-496rj-89ef08bb11781996dc006721643700ab main_color avia-section-default avia-no-border-styling  avia-builder-el-0  avia-builder-el-no-sibling  avia-bg-style-scroll container_wrap fullsize'  ><div class='container av-section-cont-open' ><main  role=\"main\" itemprop=\"mainContentOfPage\"  class='template-page content  av-content-full alpha units'><div class='post-entry post-entry-type-page post-entry-804'><div class='entry-content-wrapper clearfix'>\n<div  class='flex_column av-13f9gv-f2a581c9b25658d886a2aaae0529be89 av_one_fourth  avia-builder-el-1  el_before_av_three_fourth  avia-builder-el-first  first flex_column_div  '     ><style type=\"text\/css\" data-created_by=\"avia_inline_auto\" id=\"style-css-av-z7gyn-bdabd1ec2ea611006dbd4ec1174a9c14\">\n.avia-image-container.av-z7gyn-bdabd1ec2ea611006dbd4ec1174a9c14 img.avia_image{\nbox-shadow:none;\n}\n.avia-image-container.av-z7gyn-bdabd1ec2ea611006dbd4ec1174a9c14 .av-image-caption-overlay-center{\ncolor:#ffffff;\n}\n<\/style>\n<div  class='avia-image-container av-z7gyn-bdabd1ec2ea611006dbd4ec1174a9c14 av-styling- avia-align-center  avia-builder-el-2  avia-builder-el-no-sibling '   itemprop=\"image\" itemscope=\"itemscope\" itemtype=\"https:\/\/schema.org\/ImageObject\" ><div class=\"avia-image-container-inner\"><div class=\"avia-image-overlay-wrap\"><img decoding=\"async\" fetchpriority=\"high\" class='wp-image-368 avia-img-lazy-loading-not-368 avia_image ' src=\"https:\/\/womenforpalestine.org\/wp-content\/uploads\/2024\/04\/Alejandro-Alvarado-300x300.jpg\" alt='' title='Alejandro Alvarado'  height=\"300\" width=\"300\"  itemprop=\"thumbnailUrl\" srcset=\"https:\/\/womenforpalestine.org\/wp-content\/uploads\/2024\/04\/Alejandro-Alvarado-300x300.jpg 300w, https:\/\/womenforpalestine.org\/wp-content\/uploads\/2024\/04\/Alejandro-Alvarado-80x80.jpg 80w, https:\/\/womenforpalestine.org\/wp-content\/uploads\/2024\/04\/Alejandro-Alvarado-36x36.jpg 36w, https:\/\/womenforpalestine.org\/wp-content\/uploads\/2024\/04\/Alejandro-Alvarado-180x180.jpg 180w, https:\/\/womenforpalestine.org\/wp-content\/uploads\/2024\/04\/Alejandro-Alvarado.jpg 400w\" sizes=\"(max-width: 300px) 100vw, 300px\" \/><\/div><\/div><\/div><\/div><div  class='flex_column av-swifr-ea28f54fb86280182f1bed55f724be7d av_three_fourth  avia-builder-el-3  el_after_av_one_fourth  avia-builder-el-last  flex_column_div  '     ><p>\n<style type=\"text\/css\" data-created_by=\"avia_inline_auto\" id=\"style-css-av-kje5r-206dbb965dabce19f673695817482ea3\">\n#top .av-special-heading.av-kje5r-206dbb965dabce19f673695817482ea3{\npadding-bottom:10px;\n}\nbody .av-special-heading.av-kje5r-206dbb965dabce19f673695817482ea3 .av-special-heading-tag .heading-char{\nfont-size:25px;\n}\n.av-special-heading.av-kje5r-206dbb965dabce19f673695817482ea3 .av-subheading{\nfont-size:15px;\n}\n<\/style>\n<div  class='av-special-heading av-kje5r-206dbb965dabce19f673695817482ea3 av-special-heading-h2 blockquote modern-quote  avia-builder-el-4  el_before_av_hr  avia-builder-el-first '><h2 class='av-special-heading-tag '  itemprop=\"headline\"  >Alejandro Alvarado<\/h2><div class=\"special-heading-border\"><div class=\"special-heading-inner-border\"><\/div><\/div><\/div><br \/>\n\n<style type=\"text\/css\" data-created_by=\"avia_inline_auto\" id=\"style-css-av-fyvbj-ebec1551ed7e2e27e5399fad9d0fb044\">\n#top .hr.hr-invisible.av-fyvbj-ebec1551ed7e2e27e5399fad9d0fb044{\nheight:30px;\n}\n<\/style>\n<div  class='hr av-fyvbj-ebec1551ed7e2e27e5399fad9d0fb044 hr-invisible  avia-builder-el-5  el_after_av_heading  el_before_av_textblock '><span class='hr-inner '><span class=\"hr-inner-style\"><\/span><\/span><\/div><br \/>\n<section  class='av_textblock_section av-a3at3-fde7217f870de50880ac779110113ac4 '   itemscope=\"itemscope\" itemtype=\"https:\/\/schema.org\/CreativeWork\" ><div class='avia_textblock'  itemprop=\"text\" ><div class=\"page\" title=\"Page 2\">\n<div class=\"section\">\n<div class=\"section\">\n<div class=\"layoutArea\">\n<div class=\"column\">\n<div class=\"page\" title=\"Page 2\">\n<div class=\"section\">\n<div class=\"layoutArea\">\n<div class=\"column\">\n<p><strong>NOMBRE Y APELLIDO:<\/strong> Alejandro Alvarado<br \/>\n<strong>CARGO:<\/strong> Profesor e investigador<br \/>\n<strong>UNIVERSIDAD\/ORGANIZACI\u00d3N:<\/strong> Universidad de Malaga<br \/>\n<strong>PAIS:<\/strong> Espa\u00f1a<\/p>\n<\/div>\n<p class=\"p1\">Su trabajo de investigaci\u00f3n se centra fundamentalmente en el cine documental desde distintas perspectivas. Ha publicado el libro, La poscensura en el cine documental de la transici\u00f3n espa\u00f1ola (2018,) en la editorial Peter Lang, y coordinando el volumen, El documental en Espa\u00f1a: historia, est\u00e9tica e identidad, publicado por C\u00e1tedra y el Festival de M\u00e1laga (2023). Es autor de numerosas publicaciones en las que aborda cuestiones como los procesos de creaci\u00f3n en el cine de no-ficci\u00f3n o la aplicaci\u00f3n del documental a proyectos de alfabetizaci\u00f3n audiovisual, inclusi\u00f3n social y cooperaci\u00f3n internacional.<\/p>\n<p>Como cineasta, forma t\u00e1ndem creativo desde 2001 con la directora Concha Barquero. Juntos han dirigido, guionizado y montado una decena de pel\u00edculas, principalmente documentales de creaci\u00f3n y piezas experimentales. Entre estas obras, destacan su cortometraje Descartes (2021) y el largometraje Pepe el andaluz (2012). Sus trabajos han sido seleccionados en cert\u00e1menes audiovisuales de todo el mundo, como el Festival Internacional de Cine de Mar del Plata (Argentina), European Media Art de Osnabr\u00fcck (Alemania) o DocLisboa (Portugal). Han sido galardonados con numerosos premios, como el Premio al Mejor Documental Espa\u00f1ol en Documenta Madrid, el Gran Premio del Cine Espa\u00f1ol en Zinebi o el XXIX Premio Andaluc\u00eda de Periodismo en la modalidad audiovisual.<\/p>\n<p>Como divulgador cient\u00edfico, destaca su labor profesional en la televisi\u00f3n cultural. Durante una d\u00e9cada fue director de los programas Tesis y Tesis en la internacional (2001-11) de Canal Sur Andaluc\u00eda (804 cap\u00edtulos), un espacio televisivo de referencia avalado con numerosos reconocimientos como el Premio al Mejor Programa Nacional de Divulgaci\u00f3n Cient\u00edfica en la XXVI Bienal de Cine Cient\u00edfico de Ronda o el Primer Premio de Televisi\u00f3n del Consejo Asesor de RTVE de Andaluc\u00eda.<\/p>\n<p>Como programador cinematogr\u00e1fico, ha sido miembro del Comit\u00e9 de selecci\u00f3n de la Secci\u00f3n Oficial de Cortometrajes Festival de M\u00e1laga (2014-2022) y es coordinador de programaci\u00f3n de la Sala de los Cineastas M\u00e1laga, organizado por la asociaci\u00f3n Uni\u00f3n de Cineastas, junto con la colaboraci\u00f3n del Festival de M\u00e1laga, la Universidad de M\u00e1laga y el Cine Alb\u00e9niz (2016-2023).<\/p>\n<\/div>\n<\/div>\n<\/div>\n<\/div>\n<\/div>\n<\/div>\n<\/div>\n<\/div>\n<\/div><\/section><\/p><\/div>\n","protected":false},"excerpt":{"rendered":"","protected":false},"author":1,"featured_media":0,"parent":0,"menu_order":101,"comment_status":"closed","ping_status":"closed","template":"template-blank.php","meta":{"footnotes":""},"class_list":["post-804","page","type-page","status-publish","hentry"],"_links":{"self":[{"href":"https:\/\/womenforpalestine.org\/es_es\/wp-json\/wp\/v2\/pages\/804","targetHints":{"allow":["GET"]}}],"collection":[{"href":"https:\/\/womenforpalestine.org\/es_es\/wp-json\/wp\/v2\/pages"}],"about":[{"href":"https:\/\/womenforpalestine.org\/es_es\/wp-json\/wp\/v2\/types\/page"}],"author":[{"embeddable":true,"href":"https:\/\/womenforpalestine.org\/es_es\/wp-json\/wp\/v2\/users\/1"}],"replies":[{"embeddable":true,"href":"https:\/\/womenforpalestine.org\/es_es\/wp-json\/wp\/v2\/comments?post=804"}],"version-history":[{"count":0,"href":"https:\/\/womenforpalestine.org\/es_es\/wp-json\/wp\/v2\/pages\/804\/revisions"}],"wp:attachment":[{"href":"https:\/\/womenforpalestine.org\/es_es\/wp-json\/wp\/v2\/media?parent=804"}],"curies":[{"name":"wp","href":"https:\/\/api.w.org\/{rel}","templated":true}]}}