{"id":740,"date":"2024-07-10T08:38:31","date_gmt":"2024-07-10T08:38:31","guid":{"rendered":"https:\/\/womenforpalestine.org\/?page_id=740"},"modified":"2026-01-11T18:29:07","modified_gmt":"2026-01-11T18:29:07","slug":"resistencia","status":"publish","type":"page","link":"https:\/\/womenforpalestine.org\/es_es\/resistencia\/","title":{"rendered":"Resistencia"},"content":{"rendered":"<div id='av_section_1'  class='avia-section av-291kj-98a27f1f15a16c273f3044fafe21db68 main_color avia-section-large avia-no-border-styling  avia-builder-el-0  avia-builder-el-no-sibling  Palestinian-Women-Resistance-Page avia-bg-style-scroll container_wrap fullsize'  ><div class='container av-section-cont-open' ><main  role=\"main\" itemprop=\"mainContentOfPage\"  class='template-page content  av-content-full alpha units'><div class='post-entry post-entry-type-page post-entry-740'><div class='entry-content-wrapper clearfix'>\n<div  class='flex_column av-rdiys-d1b20912219d28be0aced99f17c28f80 av_one_full  avia-builder-el-1  avia-builder-el-no-sibling  first flex_column_div  '     ><section  class='av_textblock_section av-mcyys-893c065b3f496bbfd9fbe0306cf1d415 '   itemscope=\"itemscope\" itemtype=\"https:\/\/schema.org\/CreativeWork\" ><div class='avia_textblock'  itemprop=\"text\" ><h1><strong>INTRODUCCI\u00d3N<\/strong><\/h1>\n<p>La ocupaci\u00f3n afecta de manera diferente a mujeres y ni\u00f1as, como en cualquier otro conflicto, acentuando sus vulnerabilidades. Las mujeres palestinas sufren, en su caso, una doble discriminaci\u00f3n: como mujeres en un sistema de dominaci\u00f3n patriarcal y como palestinas en un sistema de dominaci\u00f3n colonial, segregaci\u00f3n racial del apartheid y ocupaci\u00f3n israel\u00ed. La ocupaci\u00f3n exacerba lo primero y es tambi\u00e9n el principal obst\u00e1culo para la emancipaci\u00f3n de las mujeres y la protecci\u00f3n y promoci\u00f3n de sus derechos humanos.<\/p>\n<p>Mientras que los ni\u00f1os y los hombres enfrentan mayores niveles de violencia f\u00edsica por parte de Israel, las ni\u00f1as y las mujeres enfrentan mayores dificultades para acceder a la educaci\u00f3n y los servicios de salud, as\u00ed como a la continua violencia de g\u00e9nero y otras situaciones espec\u00edficas como limitaciones a los derechos de herencia y propiedad o matrimonio forzado de menores.<\/p>\n<p>Los ni\u00f1os y los hombres son a menudo v\u00edctimas de humillaci\u00f3n, tortura, p\u00e9rdida de medios de vida como resultado de las pr\u00e1cticas de ocupaci\u00f3n israel\u00ed y otras pr\u00e1cticas que resultan en una p\u00e9rdida de control o prestigio que se traduce en ira, agresi\u00f3n y ansiedad, todo lo cual contribuye a aumentar y alimentar el ciclo de violencia que sufren las mujeres en sus hogares a manos de sus parejas o familiares.<\/p>\n<p>Sin embargo, las mujeres no s\u00f3lo han sido el sost\u00e9n emocional y econ\u00f3mico de las familias, sino que tambi\u00e9n han liderado la resistencia a la ocupaci\u00f3n con estrategias de lucha no violentas, a trav\u00e9s de la transmisi\u00f3n de valores, memoria y conocimientos tradicionales a pesar de las embestidas de la judaizaci\u00f3n y de las pr\u00e1cticas \u00e9tnicas y culturales palestinas.<\/p>\n<p>Las diferentes estrategias de resistencia lideradas por mujeres nos muestran pr\u00e1cticas innovadoras de resistencia noviolenta que hemos documentado a trav\u00e9s de estas narrativas que buscan, sobre todo, romper con estereotipos islam\u00f3fobos sobre las mujeres \u00e1rabes y visibilizar la realidad de quienes son agentes activos de cambio en una sociedad efervescente comprometida con su legado hist\u00f3rico y con un futuro en lucha por su libertad y sus derechos como palestinas y como mujeres.<\/p>\n<\/div><\/section><br \/>\n\n<style type=\"text\/css\" data-created_by=\"avia_inline_auto\" id=\"style-css-av-f43rg-344b4fe587b9bbac0c4c4ab77402971c\">\n#top .hr.hr-invisible.av-f43rg-344b4fe587b9bbac0c4c4ab77402971c{\nheight:50px;\n}\n<\/style>\n<div  class='hr av-f43rg-344b4fe587b9bbac0c4c4ab77402971c hr-invisible  avia-builder-el-3  el_after_av_textblock  el_before_av_masonry_entries  avia-builder-el-last '><span class='hr-inner '><span class=\"hr-inner-style\"><\/span><\/span><\/div><br \/>\n\n<style type=\"text\/css\" data-created_by=\"avia_inline_auto\" id=\"style-css-av-9v62c-5179b86ac408697080d2d1600fcb0533\">\n#top .av-masonry.av-9v62c-5179b86ac408697080d2d1600fcb0533{\nbackground-color:#f8f8f8;\n}\n<\/style>\n<div id='av-masonry-1' class='av-masonry av-9v62c-5179b86ac408697080d2d1600fcb0533 noHover av-fixed-size av-large-gap av-hover-overlay-desaturation av-masonry-animation-active av-masonry-col-5 av-caption-always av-caption-style-overlay av-masonry-entries ' data-post_id=\"740\"><div class=\"av-masonry-container isotope av-js-disabled\"><div class='av-masonry-entry isotope-item av-masonry-item-no-image '><\/div><a href=\"https:\/\/womenforpalestine.org\/wfp\/desplazamientos-y-demoliciones\/\"  id='av-masonry-1-item-727' data-av-masonry-item='727' class='av-masonry-entry isotope-item post-727 portfolio type-portfolio status-publish has-post-thumbnail hentry portfolio_entries-resistencia  av-masonry-item-with-image av-grid-img' title=\"Desplazamientos y demoliciones\"   itemscope=\"itemscope\" itemtype=\"https:\/\/schema.org\/CreativeWork\" ><div class='av-inner-masonry-sizer'><\/div><figure class='av-inner-masonry main_color'><div class=\"av-masonry-outerimage-container\"><div class='av-masonry-image-container' style=\"background-image: url(https:\/\/womenforpalestine.org\/wp-content\/uploads\/2024\/05\/What-has-changed-01-1-548x705.jpg);\" ><\/div><\/div><figcaption class='av-inner-masonry-content site-background'><div class='av-inner-masonry-content-pos'><div class='av-inner-masonry-content-pos-content'><div class='avia-arrow'><\/div><h3 class='av-masonry-entry-title entry-title '  itemprop=\"headline\" >Desplazamientos y demoliciones<\/h3><\/div><\/div><\/figcaption><\/figure><\/a><!--end av-masonry entry--><a href=\"https:\/\/womenforpalestine.org\/es_es\/wfp\/arrestos-detenciones-y-secuestros\/\"  id='av-masonry-1-item-749' data-av-masonry-item='749' class='av-masonry-entry isotope-item post-749 portfolio type-portfolio status-publish has-post-thumbnail hentry portfolio_entries-resistencia  av-masonry-item-with-image av-grid-img' title=\"Arrestos, detenciones y secuestros\"   itemscope=\"itemscope\" itemtype=\"https:\/\/schema.org\/CreativeWork\" ><div class='av-inner-masonry-sizer'><\/div><figure class='av-inner-masonry main_color'><div class=\"av-masonry-outerimage-container\"><div class='av-masonry-image-container' style=\"background-image: url(https:\/\/womenforpalestine.org\/wp-content\/uploads\/2024\/05\/What-has-changed-01-1-548x705.jpg);\" ><\/div><\/div><figcaption class='av-inner-masonry-content site-background'><div class='av-inner-masonry-content-pos'><div class='av-inner-masonry-content-pos-content'><div class='avia-arrow'><\/div><h3 class='av-masonry-entry-title entry-title '  itemprop=\"headline\" >Arrestos, detenciones y secuestros<\/h3><\/div><\/div><\/figcaption><\/figure><\/a><!--end av-masonry entry--><a href=\"https:\/\/womenforpalestine.org\/es_es\/wfp\/operaciones-militares\/\"  id='av-masonry-1-item-754' data-av-masonry-item='754' class='av-masonry-entry isotope-item post-754 portfolio type-portfolio status-publish has-post-thumbnail hentry portfolio_entries-resistencia  av-masonry-item-with-image av-grid-img' title=\"Operaciones militares\"   itemscope=\"itemscope\" itemtype=\"https:\/\/schema.org\/CreativeWork\" ><div class='av-inner-masonry-sizer'><\/div><figure class='av-inner-masonry main_color'><div class=\"av-masonry-outerimage-container\"><div class='av-masonry-image-container' style=\"background-image: url(https:\/\/womenforpalestine.org\/wp-content\/uploads\/2024\/05\/What-has-changed-01-1-548x705.jpg);\" ><\/div><\/div><figcaption class='av-inner-masonry-content site-background'><div class='av-inner-masonry-content-pos'><div class='av-inner-masonry-content-pos-content'><div class='avia-arrow'><\/div><h3 class='av-masonry-entry-title entry-title '  itemprop=\"headline\" >Operaciones militares<\/h3><\/div><\/div><\/figcaption><\/figure><\/a><!--end av-masonry entry--><a href=\"https:\/\/womenforpalestine.org\/es_es\/wfp\/represion-de-la-protesta\/\"  id='av-masonry-1-item-757' data-av-masonry-item='757' class='av-masonry-entry isotope-item post-757 portfolio type-portfolio status-publish has-post-thumbnail hentry portfolio_entries-resistencia  av-masonry-item-with-image av-grid-img' title=\"Represi\u00f3n de la protesta\"   itemscope=\"itemscope\" itemtype=\"https:\/\/schema.org\/CreativeWork\" ><div class='av-inner-masonry-sizer'><\/div><figure class='av-inner-masonry main_color'><div class=\"av-masonry-outerimage-container\"><div class='av-masonry-image-container' style=\"background-image: url(https:\/\/womenforpalestine.org\/wp-content\/uploads\/2024\/05\/What-has-changed-01-1-548x705.jpg);\" ><\/div><\/div><figcaption class='av-inner-masonry-content site-background'><div class='av-inner-masonry-content-pos'><div class='av-inner-masonry-content-pos-content'><div class='avia-arrow'><\/div><h3 class='av-masonry-entry-title entry-title '  itemprop=\"headline\" >Represi\u00f3n de la protesta<\/h3><\/div><\/div><\/figcaption><\/figure><\/a><!--end av-masonry entry--><a href=\"https:\/\/womenforpalestine.org\/es_es\/wfp\/amenazas-a-la-movilidad-y-la-reunificacion-familiar\/\"  id='av-masonry-1-item-761' data-av-masonry-item='761' class='av-masonry-entry isotope-item post-761 portfolio type-portfolio status-publish has-post-thumbnail hentry portfolio_entries-resistencia  av-masonry-item-with-image av-grid-img' title=\"Amenazas a la movilidad y la reunificaci\u00f3n familiar\"   itemscope=\"itemscope\" itemtype=\"https:\/\/schema.org\/CreativeWork\" ><div class='av-inner-masonry-sizer'><\/div><figure class='av-inner-masonry main_color'><div class=\"av-masonry-outerimage-container\"><div class='av-masonry-image-container' style=\"background-image: url(https:\/\/womenforpalestine.org\/wp-content\/uploads\/2024\/05\/What-has-changed-01-1-548x705.jpg);\" ><\/div><\/div><figcaption class='av-inner-masonry-content site-background'><div class='av-inner-masonry-content-pos'><div class='av-inner-masonry-content-pos-content'><div class='avia-arrow'><\/div><h3 class='av-masonry-entry-title entry-title '  itemprop=\"headline\" >Amenazas a la movilidad y la reunificaci\u00f3n familiar<\/h3><\/div><\/div><\/figcaption><\/figure><\/a><!--end av-masonry entry--><a href=\"https:\/\/womenforpalestine.org\/es_es\/wfp\/salud\/\"  id='av-masonry-1-item-766' data-av-masonry-item='766' class='av-masonry-entry isotope-item post-766 portfolio type-portfolio status-publish has-post-thumbnail hentry portfolio_entries-resistencia  av-masonry-item-with-image av-grid-img' title=\"Salud\"   itemscope=\"itemscope\" itemtype=\"https:\/\/schema.org\/CreativeWork\" ><div class='av-inner-masonry-sizer'><\/div><figure class='av-inner-masonry main_color'><div class=\"av-masonry-outerimage-container\"><div class='av-masonry-image-container' style=\"background-image: url(https:\/\/womenforpalestine.org\/wp-content\/uploads\/2024\/05\/What-has-changed-01-1-548x705.jpg);\" ><\/div><\/div><figcaption class='av-inner-masonry-content site-background'><div class='av-inner-masonry-content-pos'><div class='av-inner-masonry-content-pos-content'><div class='avia-arrow'><\/div><h3 class='av-masonry-entry-title entry-title '  itemprop=\"headline\" >Salud<\/h3><\/div><\/div><\/figcaption><\/figure><\/a><!--end av-masonry entry--><a href=\"https:\/\/womenforpalestine.org\/es_es\/wfp\/educacion\/\"  id='av-masonry-1-item-770' data-av-masonry-item='770' class='av-masonry-entry isotope-item post-770 portfolio type-portfolio status-publish has-post-thumbnail hentry portfolio_entries-resistencia  av-masonry-item-with-image av-grid-img' title=\"Educaci\u00f3n\"   itemscope=\"itemscope\" itemtype=\"https:\/\/schema.org\/CreativeWork\" ><div class='av-inner-masonry-sizer'><\/div><figure class='av-inner-masonry main_color'><div class=\"av-masonry-outerimage-container\"><div class='av-masonry-image-container' style=\"background-image: url(https:\/\/womenforpalestine.org\/wp-content\/uploads\/2024\/05\/What-has-changed-01-1-548x705.jpg);\" ><\/div><\/div><figcaption class='av-inner-masonry-content site-background'><div class='av-inner-masonry-content-pos'><div class='av-inner-masonry-content-pos-content'><div class='avia-arrow'><\/div><h3 class='av-masonry-entry-title entry-title '  itemprop=\"headline\" >Educaci\u00f3n<\/h3><\/div><\/div><\/figcaption><\/figure><\/a><!--end av-masonry entry--><a href=\"https:\/\/womenforpalestine.org\/es_es\/wfp\/la-violencia-contra-las-mujeres\/\"  id='av-masonry-1-item-778' data-av-masonry-item='778' class='av-masonry-entry isotope-item post-778 portfolio type-portfolio status-publish has-post-thumbnail hentry portfolio_entries-resistencia  av-masonry-item-with-image av-grid-img' title=\"La violencia contra las mujeres\"   itemscope=\"itemscope\" itemtype=\"https:\/\/schema.org\/CreativeWork\" ><div class='av-inner-masonry-sizer'><\/div><figure class='av-inner-masonry main_color'><div class=\"av-masonry-outerimage-container\"><div class='av-masonry-image-container' style=\"background-image: url(https:\/\/womenforpalestine.org\/wp-content\/uploads\/2024\/05\/What-has-changed-01-1-548x705.jpg);\" ><\/div><\/div><figcaption class='av-inner-masonry-content site-background'><div class='av-inner-masonry-content-pos'><div class='av-inner-masonry-content-pos-content'><div class='avia-arrow'><\/div><h3 class='av-masonry-entry-title entry-title '  itemprop=\"headline\" >La violencia contra las mujeres<\/h3><\/div><\/div><\/figcaption><\/figure><\/a><!--end av-masonry entry--><a href=\"https:\/\/womenforpalestine.org\/es_es\/wfp\/asentamientos\/\"  id='av-masonry-1-item-783' data-av-masonry-item='783' class='av-masonry-entry isotope-item post-783 portfolio type-portfolio status-publish has-post-thumbnail hentry portfolio_entries-resistencia  av-masonry-item-with-image av-grid-img' title=\"Asentamientos\"   itemscope=\"itemscope\" itemtype=\"https:\/\/schema.org\/CreativeWork\" ><div class='av-inner-masonry-sizer'><\/div><figure class='av-inner-masonry main_color'><div class=\"av-masonry-outerimage-container\"><div class='av-masonry-image-container' style=\"background-image: url(https:\/\/womenforpalestine.org\/wp-content\/uploads\/2024\/05\/What-has-changed-01-1-548x705.jpg);\" ><\/div><\/div><figcaption class='av-inner-masonry-content site-background'><div class='av-inner-masonry-content-pos'><div class='av-inner-masonry-content-pos-content'><div class='avia-arrow'><\/div><h3 class='av-masonry-entry-title entry-title '  itemprop=\"headline\" >Asentamientos<\/h3><\/div><\/div><\/figcaption><\/figure><\/a><!--end av-masonry entry--><a href=\"https:\/\/womenforpalestine.org\/es_es\/wfp\/segregacion-racial\/\"  id='av-masonry-1-item-787' data-av-masonry-item='787' class='av-masonry-entry isotope-item post-787 portfolio type-portfolio status-publish has-post-thumbnail hentry portfolio_entries-resistencia  av-masonry-item-with-image av-grid-img' title=\"Segregaci\u00f3n racial\"   itemscope=\"itemscope\" itemtype=\"https:\/\/schema.org\/CreativeWork\" ><div class='av-inner-masonry-sizer'><\/div><figure class='av-inner-masonry main_color'><div class=\"av-masonry-outerimage-container\"><div class='av-masonry-image-container' style=\"background-image: url(https:\/\/womenforpalestine.org\/wp-content\/uploads\/2024\/05\/What-has-changed-01-1-548x705.jpg);\" ><\/div><\/div><figcaption class='av-inner-masonry-content site-background'><div class='av-inner-masonry-content-pos'><div class='av-inner-masonry-content-pos-content'><div class='avia-arrow'><\/div><h3 class='av-masonry-entry-title entry-title '  itemprop=\"headline\" >Segregaci\u00f3n racial<\/h3><\/div><\/div><\/figcaption><\/figure><\/a><!--end av-masonry entry--><\/div><\/div><\/p><\/div>\n","protected":false},"excerpt":{"rendered":"","protected":false},"author":1,"featured_media":0,"parent":0,"menu_order":6,"comment_status":"closed","ping_status":"closed","template":"","meta":{"footnotes":""},"class_list":["post-740","page","type-page","status-publish","hentry"],"_links":{"self":[{"href":"https:\/\/womenforpalestine.org\/es_es\/wp-json\/wp\/v2\/pages\/740","targetHints":{"allow":["GET"]}}],"collection":[{"href":"https:\/\/womenforpalestine.org\/es_es\/wp-json\/wp\/v2\/pages"}],"about":[{"href":"https:\/\/womenforpalestine.org\/es_es\/wp-json\/wp\/v2\/types\/page"}],"author":[{"embeddable":true,"href":"https:\/\/womenforpalestine.org\/es_es\/wp-json\/wp\/v2\/users\/1"}],"replies":[{"embeddable":true,"href":"https:\/\/womenforpalestine.org\/es_es\/wp-json\/wp\/v2\/comments?post=740"}],"version-history":[{"count":2,"href":"https:\/\/womenforpalestine.org\/es_es\/wp-json\/wp\/v2\/pages\/740\/revisions"}],"predecessor-version":[{"id":1426,"href":"https:\/\/womenforpalestine.org\/es_es\/wp-json\/wp\/v2\/pages\/740\/revisions\/1426"}],"wp:attachment":[{"href":"https:\/\/womenforpalestine.org\/es_es\/wp-json\/wp\/v2\/media?parent=740"}],"curies":[{"name":"wp","href":"https:\/\/api.w.org\/{rel}","templated":true}]}}