{"id":686,"date":"2024-07-09T11:03:48","date_gmt":"2024-07-09T11:03:48","guid":{"rendered":"https:\/\/womenforpalestine.org\/?page_id=686"},"modified":"2024-07-09T11:08:07","modified_gmt":"2024-07-09T11:08:07","slug":"el-proyecto","status":"publish","type":"page","link":"https:\/\/womenforpalestine.org\/es_es\/el-proyecto\/","title":{"rendered":"El Proyecto"},"content":{"rendered":"<div id='av_section_1'  class='avia-section av-3awc-f88fcd29f049548d2465d77c7c19cf67 main_color avia-section-default avia-no-border-styling  avia-builder-el-0  avia-builder-el-no-sibling  avia-bg-style-scroll container_wrap fullsize'  ><div class='container av-section-cont-open' ><main  role=\"main\" itemprop=\"mainContentOfPage\"  class='template-page content  av-content-full alpha units'><div class='post-entry post-entry-type-page post-entry-686'><div class='entry-content-wrapper clearfix'>\n\n<style type=\"text\/css\" data-created_by=\"avia_inline_auto\" id=\"style-css-av-lteaxlns-5a6448876771a8ddfeecfe967c9da211\">\n#top .av-special-heading.av-lteaxlns-5a6448876771a8ddfeecfe967c9da211{\npadding-bottom:10px;\n}\nbody .av-special-heading.av-lteaxlns-5a6448876771a8ddfeecfe967c9da211 .av-special-heading-tag .heading-char{\nfont-size:25px;\n}\n.av-special-heading.av-lteaxlns-5a6448876771a8ddfeecfe967c9da211 .av-subheading{\nfont-size:15px;\n}\n<\/style>\n<div  class='av-special-heading av-lteaxlns-5a6448876771a8ddfeecfe967c9da211 av-special-heading-h1 blockquote modern-quote  avia-builder-el-1  el_before_av_textblock  avia-builder-el-first '><h1 class='av-special-heading-tag '  itemprop=\"headline\"  >\u00bfCu\u00e1l es el proyecto,<br \/>\nc\u00f3mo surgi\u00f3 y<br \/>\nqu\u00e9 objetivos tiene?<\/h1><div class=\"special-heading-border\"><div class=\"special-heading-inner-border\"><\/div><\/div><\/div>\n<section  class='av_textblock_section av-lteay66u-cd4dedaccde149de22521ab83ac2b38d '   itemscope=\"itemscope\" itemtype=\"https:\/\/schema.org\/CreativeWork\" ><div class='avia_textblock'  itemprop=\"text\" ><div class=\"page\" title=\"Page 1\">\n<div class=\"section\">\n<div class=\"layoutArea\">\n<div class=\"column\">\n<p>El proyecto pretende generar un discurso cr\u00edtico sobre soluciones innovadoras a las violaciones de derechos humanos que sufre la poblaci\u00f3n palestina a trav\u00e9s del an\u00e1lisis de historias de vida de mujeres palestinas.<\/p>\n<p>A trav\u00e9s de relatos de mujeres se identificar\u00e1n las diferentes violaciones de derechos humanos que sufren las palestinas en general y las mujeres palestinas en particular y se propondr\u00e1n soluciones innovadoras basadas en sus experiencias, organizaciones de la sociedad civil palestina y especialistas universitarios, promoviendo un enfoque transversal, interdisciplinario y multinivel.<\/p>\n<p>La intervenci\u00f3n busca visibilizar la lucha de las mujeres palestinas contra la ocupaci\u00f3n israel\u00ed y promover las alternativas que, desde el punto de vista de las mujeres palestinas, se deben impulsar para frenar las diferentes formas de violencia que sufren y alcanzar la libertad, la justicia e igualdad para todos.<\/p>\n<\/div>\n<\/div>\n<\/div>\n<\/div>\n<\/div><\/section>\n<div  class='flex_column av-1l9ho-e6094b24d26842ab44943e4fe17eae3b av_one_half  avia-builder-el-3  el_after_av_textblock  el_before_av_one_half  first flex_column_div  column-top-margin'     ><div  class='togglecontainer av-lteb0bbx-2c754bed994de846c4da4a550fd9a1db av-elegant-toggle  avia-builder-el-4  avia-builder-el-no-sibling  toggle_close_all' >\n<section class='av_toggle_section av-lteb00fi-6c9d7824929109e2bc5c455126d7331e'  itemscope=\"itemscope\" itemtype=\"https:\/\/schema.org\/CreativeWork\" ><div role=\"tablist\" class=\"single_toggle\" data-tags=\"{Todo} \"  ><p id='toggle-toggle-id-1' data-fake-id='#toggle-id-1' class='toggler  av-title-above '  itemprop=\"headline\"  role='tab' tabindex='0' aria-controls='toggle-id-1' data-slide-speed=\"200\" data-title=\"DATOS\" data-title-open=\"\" data-aria_collapsed=\"Click to expand: DATOS\" data-aria_expanded=\"Click to collapse: DATOS\">DATOS<span class=\"toggle_icon\"><span class=\"vert_icon\"><\/span><span class=\"hor_icon\"><\/span><\/span><\/p><div id='toggle-id-1' aria-labelledby='toggle-toggle-id-1' role='region' class='toggle_wrap  av-title-above'  ><div class='toggle_content invers-color '  itemprop=\"text\" ><div class=\"page\" title=\"Page 1\">\n<div class=\"section\">\n<div class=\"layoutArea\">\n<div class=\"column\">\n<p><strong>TI\u0301TULO DEL PROYECTO:<\/strong> LOS DERECHOS HUMANOS DE LAS MUJERES PALESTINAS: RELATOS DE RESILIENCIA EN TIEMPOS DE COVID-19.<\/p>\n<\/div>\n<\/div>\n<div class=\"layoutArea\">\n<div class=\"column\">\n<p><strong>MODALIDAD:<\/strong> Proyecto de Investigacio\u0301n e Innovacio\u0301n al Desarrollo.<\/p>\n<p><strong>FINANCIA:<\/strong> Agencia Andaluza de Cooperacio\u0301n Internacional para el Desarrollo (AACID).<\/p>\n<p><strong>RESPONSABLE DEL PROYECTO:<\/strong> INMACULADA POSTIGO GO\u0301MEZ.<\/p>\n<\/div>\n<\/div>\n<\/div>\n<\/div>\n<\/div><\/div><\/div><\/section>\n<\/div><\/div><div  class='flex_column av-psrw-7e5dafea994aece4f1b4815a83b21c29 av_one_half  avia-builder-el-5  el_after_av_one_half  avia-builder-el-last  flex_column_div  column-top-margin'     ><\/div>\n","protected":false},"excerpt":{"rendered":"","protected":false},"author":1,"featured_media":0,"parent":0,"menu_order":1,"comment_status":"closed","ping_status":"closed","template":"","meta":{"footnotes":""},"class_list":["post-686","page","type-page","status-publish","hentry"],"_links":{"self":[{"href":"https:\/\/womenforpalestine.org\/es_es\/wp-json\/wp\/v2\/pages\/686","targetHints":{"allow":["GET"]}}],"collection":[{"href":"https:\/\/womenforpalestine.org\/es_es\/wp-json\/wp\/v2\/pages"}],"about":[{"href":"https:\/\/womenforpalestine.org\/es_es\/wp-json\/wp\/v2\/types\/page"}],"author":[{"embeddable":true,"href":"https:\/\/womenforpalestine.org\/es_es\/wp-json\/wp\/v2\/users\/1"}],"replies":[{"embeddable":true,"href":"https:\/\/womenforpalestine.org\/es_es\/wp-json\/wp\/v2\/comments?post=686"}],"version-history":[{"count":0,"href":"https:\/\/womenforpalestine.org\/es_es\/wp-json\/wp\/v2\/pages\/686\/revisions"}],"wp:attachment":[{"href":"https:\/\/womenforpalestine.org\/es_es\/wp-json\/wp\/v2\/media?parent=686"}],"curies":[{"name":"wp","href":"https:\/\/api.w.org\/{rel}","templated":true}]}}