{"id":995,"date":"2024-07-22T12:00:27","date_gmt":"2024-07-22T12:00:27","guid":{"rendered":"https:\/\/womenforpalestine.org\/?page_id=995"},"modified":"2024-07-22T11:51:09","modified_gmt":"2024-07-22T11:51:09","slug":"activismo","status":"publish","type":"page","link":"https:\/\/womenforpalestine.org\/en\/activismo\/","title":{"rendered":"Activism"},"content":{"rendered":"<div id='av_section_1'  class='avia-section av-9fc1n-213e7ee70b140016056acee6137fac78 main_color avia-section-default avia-no-border-styling  avia-builder-el-0  avia-builder-el-no-sibling  avia-bg-style-scroll container_wrap fullsize'  ><div class='container av-section-cont-open' ><main  role=\"main\" itemprop=\"mainContentOfPage\"  class='template-page content  av-content-full alpha units'><div class='post-entry post-entry-type-page post-entry-995'><div class='entry-content-wrapper clearfix'>\n<section  class='av_textblock_section av-lywxca7p-1118f334f9d4c479159dfa2ed7b8e22c '   itemscope=\"itemscope\" itemtype=\"https:\/\/schema.org\/CreativeWork\" ><div class='avia_textblock'  itemprop=\"text\" ><h1 style=\"text-align: left; font-size: 6em; opacity: 0.3;\"><strong>ACTIVISMO<\/strong><\/h1>\n<\/div><\/section>\n<div  class='av-alb-blogposts template-blog  av-blog-meta-author-disabled av-blog-meta-comments-disabled av-blog-meta-category-disabled av-blog-meta-html-info-disabled '  itemscope=\"itemscope\" itemtype=\"https:\/\/schema.org\/Blog\" ><article class=\"post-entry post-entry-type-standard post-entry-1330 post-loop-1 post-parity-odd single-big with-slider post-1330 post type-post status-publish format-standard has-post-thumbnail hentry category-activismo tag-feminismo tag-jaen tag-palestina tag-palestine tag-resistencia\"  itemscope=\"itemscope\" itemtype=\"https:\/\/schema.org\/BlogPosting\" ><div class=\"blog-meta\"><\/div><div class='entry-content-wrapper clearfix standard-content'><header class=\"entry-content-header\" aria-label=\"Post: Mujeres palestinas: Relatos de resistencia\"><div class=\"av-heading-wrapper\"><span class=\"blog-categories minor-meta\"><a href=\"https:\/\/womenforpalestine.org\/en\/category\/activismo\/\" rel=\"tag\">Activismo<\/a><\/span><h2 class='post-title entry-title '  itemprop=\"headline\" ><a href=\"https:\/\/womenforpalestine.org\/en\/mujeres-palestinas-relatos-de-resistencia\/\" rel=\"bookmark\" title=\"Permanent Link: Mujeres palestinas: Relatos de resistencia\">Mujeres palestinas: Relatos de resistencia<span class=\"post-format-icon minor-meta\"><\/span><\/a><\/h2><\/div><\/header><span class=\"av-vertical-delimiter\"><\/span><div class=\"big-preview single-big\"  itemprop=\"image\" itemscope=\"itemscope\" itemtype=\"https:\/\/schema.org\/ImageObject\" ><a href=\"https:\/\/womenforpalestine.org\/en\/mujeres-palestinas-relatos-de-resistencia\/\"  title=\"WhatsApp Image 2024-10-07 at 10.22.22\" ><img decoding=\"async\" loading=\"lazy\" width=\"1080\" height=\"423\" src=\"https:\/\/womenforpalestine.org\/wp-content\/uploads\/2024\/10\/WhatsApp-Image-2024-10-07-at-10.22.22-1080x423.jpeg\" class=\"wp-image-1331 avia-img-lazy-loading-1331 attachment-entry_without_sidebar size-entry_without_sidebar wp-post-image\" alt=\"cartel ja\u00e9n\" \/><\/a><\/div><div class=\"entry-content\"  itemprop=\"text\" ><p>El pr\u00f3ximo 8 de octubre a las 19.30 horas, en el sal\u00f3n de grados Pascual Rivas, en la antigua escuela de Magisterio de Ja\u00e9n (edificio de la UJA frente al Corte Ingl\u00e9s) para conversar con tres mujeres, Aya Halaf, Sanaa Mohammed y Manal Tamimi, que abordar\u00e1n c\u00f3mo resisten las mujeres a la ocupaci\u00f3n. Adem\u00e1s, podremos [&hellip;]<\/p>\n<div class=\"read-more-link\"><a href=\"https:\/\/womenforpalestine.org\/en\/mujeres-palestinas-relatos-de-resistencia\/\" class=\"more-link\">Read more<span class='more-link-arrow avia-svg-icon avia-font-svg_entypo-fontello' data-av_svg_icon='right-open-big' data-av_iconset='svg_entypo-fontello'><svg version=\"1.1\" xmlns=\"http:\/\/www.w3.org\/2000\/svg\" width=\"15\" height=\"32\" viewBox=\"0 0 15 32\" preserveAspectRatio=\"xMidYMid meet\" role=\"graphics-symbol\" aria-hidden=\"true\">\n<path d=\"M0.416 27.84l11.456-11.84-11.456-11.904q-0.832-0.832 0-1.536 0.832-0.832 1.536 0l12.544 12.608q0.768 0.832 0 1.6l-12.544 12.608q-0.704 0.832-1.536 0-0.832-0.704 0-1.536z\"><\/path>\n<\/svg><\/span><\/a><\/div>\n<\/div><span class=\"post-meta-infos\"><time class=\"date-container minor-meta updated\"  itemprop=\"datePublished\" datetime=\"2024-10-07T08:40:05+00:00\" >07\/10\/2024<\/time><\/span><footer class=\"entry-footer\"><\/footer><div class='post_delimiter'><\/div><\/div><div class=\"post_author_timeline\"><\/div><span class='hidden'>\n\t\t\t\t<span class='av-structured-data'  itemprop=\"image\" itemscope=\"itemscope\" itemtype=\"https:\/\/schema.org\/ImageObject\" >\n\t\t\t\t\t\t<span itemprop='url'>https:\/\/womenforpalestine.org\/wp-content\/uploads\/2024\/10\/WhatsApp-Image-2024-10-07-at-10.22.22.jpeg<\/span>\n\t\t\t\t\t\t<span itemprop='height'>1080<\/span>\n\t\t\t\t\t\t<span itemprop='width'>1080<\/span>\n\t\t\t\t<\/span>\n\t\t\t\t<span class='av-structured-data'  itemprop=\"publisher\" itemtype=\"https:\/\/schema.org\/Organization\" itemscope=\"itemscope\" >\n\t\t\t\t\t\t<span itemprop='name'>Javier Diaz<\/span>\n\t\t\t\t\t\t<span itemprop='logo' itemscope itemtype='https:\/\/schema.org\/ImageObject'>\n\t\t\t\t\t\t\t<span itemprop='url'>https:\/\/womenforpalestine.org\/wp-content\/uploads\/2024\/03\/Logo-web-color-ub.png<\/span>\n\t\t\t\t\t\t<\/span>\n\t\t\t\t<\/span><span class='av-structured-data'  itemprop=\"author\" itemscope=\"itemscope\" itemtype=\"https:\/\/schema.org\/Person\" ><span itemprop='name'>Javier Diaz<\/span><\/span><span class='av-structured-data'  itemprop=\"datePublished\" datetime=\"2024-10-07T08:40:05+00:00\" >2024-10-07 08:40:05<\/span><span class='av-structured-data'  itemprop=\"dateModified\" itemtype=\"https:\/\/schema.org\/dateModified\" >2024-10-07 08:40:05<\/span><span class='av-structured-data'  itemprop=\"mainEntityOfPage\" itemtype=\"https:\/\/schema.org\/mainEntityOfPage\" ><span itemprop='name'>Mujeres palestinas: Relatos de resistencia<\/span><\/span><\/span><\/article><article class=\"post-entry post-entry-type-standard post-entry-1326 post-loop-2 post-parity-even single-big with-slider post-1326 post type-post status-publish format-standard has-post-thumbnail hentry category-activismo tag-feminismo tag-granada tag-mujeres tag-palestina tag-resistencia\"  itemscope=\"itemscope\" itemtype=\"https:\/\/schema.org\/BlogPosting\" ><div class=\"blog-meta\"><\/div><div class='entry-content-wrapper clearfix standard-content'><header class=\"entry-content-header\" aria-label=\"Post: Mujeres palestinas frente a la ocupaci\u00f3n en Granada\"><div class=\"av-heading-wrapper\"><span class=\"blog-categories minor-meta\"><a href=\"https:\/\/womenforpalestine.org\/en\/category\/activismo\/\" rel=\"tag\">Activismo<\/a><\/span><h2 class='post-title entry-title '  itemprop=\"headline\" ><a href=\"https:\/\/womenforpalestine.org\/en\/mujeres-palestinas-frente-a-la-ocupacion-en-granada\/\" rel=\"bookmark\" title=\"Permanent Link: Mujeres palestinas frente a la ocupaci\u00f3n en Granada\">Mujeres palestinas frente a la ocupaci\u00f3n en Granada<span class=\"post-format-icon minor-meta\"><\/span><\/a><\/h2><\/div><\/header><span class=\"av-vertical-delimiter\"><\/span><div class=\"big-preview single-big\"  itemprop=\"image\" itemscope=\"itemscope\" itemtype=\"https:\/\/schema.org\/ImageObject\" ><a href=\"https:\/\/womenforpalestine.org\/en\/mujeres-palestinas-frente-a-la-ocupacion-en-granada\/\"  title=\"WhatsApp Image 2024-10-03 at 16.03.02\" ><img decoding=\"async\" loading=\"lazy\" width=\"1080\" height=\"423\" src=\"https:\/\/womenforpalestine.org\/wp-content\/uploads\/2024\/10\/WhatsApp-Image-2024-10-03-at-16.03.02-1080x423.jpeg\" class=\"wp-image-1327 avia-img-lazy-loading-1327 attachment-entry_without_sidebar size-entry_without_sidebar wp-post-image\" alt=\"Conferencia Mujeres Granada\" \/><\/a><\/div><div class=\"entry-content\"  itemprop=\"text\" ><p>El pr\u00f3ximo 7 de octubre, a las 18 horas en la sala de conferencias de la Facultad de Traducci\u00f3n e Interpretaci\u00f3n de la Universidad de Granada, tendr\u00e1 lugar la proyecci\u00f3n de los videos del proyecto Women For Palestine junto a un debate con algunas de las protagonistas de las historias de vida documentadas en esta [&hellip;]<\/p>\n<div class=\"read-more-link\"><a href=\"https:\/\/womenforpalestine.org\/en\/mujeres-palestinas-frente-a-la-ocupacion-en-granada\/\" class=\"more-link\">Read more<span class='more-link-arrow avia-svg-icon avia-font-svg_entypo-fontello' data-av_svg_icon='right-open-big' data-av_iconset='svg_entypo-fontello'><svg version=\"1.1\" xmlns=\"http:\/\/www.w3.org\/2000\/svg\" width=\"15\" height=\"32\" viewBox=\"0 0 15 32\" preserveAspectRatio=\"xMidYMid meet\" role=\"graphics-symbol\" aria-hidden=\"true\">\n<path d=\"M0.416 27.84l11.456-11.84-11.456-11.904q-0.832-0.832 0-1.536 0.832-0.832 1.536 0l12.544 12.608q0.768 0.832 0 1.6l-12.544 12.608q-0.704 0.832-1.536 0-0.832-0.704 0-1.536z\"><\/path>\n<\/svg><\/span><\/a><\/div>\n<\/div><span class=\"post-meta-infos\"><time class=\"date-container minor-meta updated\"  itemprop=\"datePublished\" datetime=\"2024-10-07T08:34:56+00:00\" >07\/10\/2024<\/time><\/span><footer class=\"entry-footer\"><\/footer><div class='post_delimiter'><\/div><\/div><div class=\"post_author_timeline\"><\/div><span class='hidden'>\n\t\t\t\t<span class='av-structured-data'  itemprop=\"image\" itemscope=\"itemscope\" itemtype=\"https:\/\/schema.org\/ImageObject\" >\n\t\t\t\t\t\t<span itemprop='url'>https:\/\/womenforpalestine.org\/wp-content\/uploads\/2024\/10\/WhatsApp-Image-2024-10-03-at-16.03.02.jpeg<\/span>\n\t\t\t\t\t\t<span itemprop='height'>1080<\/span>\n\t\t\t\t\t\t<span itemprop='width'>1080<\/span>\n\t\t\t\t<\/span>\n\t\t\t\t<span class='av-structured-data'  itemprop=\"publisher\" itemtype=\"https:\/\/schema.org\/Organization\" itemscope=\"itemscope\" >\n\t\t\t\t\t\t<span itemprop='name'>Javier Diaz<\/span>\n\t\t\t\t\t\t<span itemprop='logo' itemscope itemtype='https:\/\/schema.org\/ImageObject'>\n\t\t\t\t\t\t\t<span itemprop='url'>https:\/\/womenforpalestine.org\/wp-content\/uploads\/2024\/03\/Logo-web-color-ub.png<\/span>\n\t\t\t\t\t\t<\/span>\n\t\t\t\t<\/span><span class='av-structured-data'  itemprop=\"author\" itemscope=\"itemscope\" itemtype=\"https:\/\/schema.org\/Person\" ><span itemprop='name'>Javier Diaz<\/span><\/span><span class='av-structured-data'  itemprop=\"datePublished\" datetime=\"2024-10-07T08:34:56+00:00\" >2024-10-07 08:34:56<\/span><span class='av-structured-data'  itemprop=\"dateModified\" itemtype=\"https:\/\/schema.org\/dateModified\" >2024-10-07 08:34:56<\/span><span class='av-structured-data'  itemprop=\"mainEntityOfPage\" itemtype=\"https:\/\/schema.org\/mainEntityOfPage\" ><span itemprop='name'>Mujeres palestinas frente a la ocupaci\u00f3n en Granada<\/span><\/span><\/span><\/article><article class=\"post-entry post-entry-type-standard post-entry-1322 post-loop-3 post-parity-odd post-entry-last single-big with-slider post-1322 post type-post status-publish format-standard has-post-thumbnail hentry category-activismo category-sin-categoria tag-feminismo tag-mujeres tag-palestina tag-palestine tag-resistencia tag-sevilla\"  itemscope=\"itemscope\" itemtype=\"https:\/\/schema.org\/BlogPosting\" ><div class=\"blog-meta\"><\/div><div class='entry-content-wrapper clearfix standard-content'><header class=\"entry-content-header\" aria-label=\"Post: Encuentro con Mujeres Palestinas en Sevilla\"><div class=\"av-heading-wrapper\"><span class=\"blog-categories minor-meta\"><a href=\"https:\/\/womenforpalestine.org\/en\/category\/activismo\/\" rel=\"tag\">Activismo<\/a>, <a href=\"https:\/\/womenforpalestine.org\/en\/category\/sin-categoria\/\" rel=\"tag\">Sin categor\u00eda<\/a><\/span><h2 class='post-title entry-title '  itemprop=\"headline\" ><a href=\"https:\/\/womenforpalestine.org\/en\/encuentro-con-mujeres-palestinas-en-sevilla\/\" rel=\"bookmark\" title=\"Permanent Link: Encuentro con Mujeres Palestinas en Sevilla\">Encuentro con Mujeres Palestinas en Sevilla<span class=\"post-format-icon minor-meta\"><\/span><\/a><\/h2><\/div><\/header><span class=\"av-vertical-delimiter\"><\/span><div class=\"big-preview single-big\"  itemprop=\"image\" itemscope=\"itemscope\" itemtype=\"https:\/\/schema.org\/ImageObject\" ><a href=\"https:\/\/womenforpalestine.org\/en\/encuentro-con-mujeres-palestinas-en-sevilla\/\"  title=\"WhatsApp Image 2024-10-01 at 22.16.42\" ><img decoding=\"async\" loading=\"lazy\" width=\"1131\" height=\"423\" src=\"https:\/\/womenforpalestine.org\/wp-content\/uploads\/2024\/10\/WhatsApp-Image-2024-10-01-at-22.16.42-1131x423.jpeg\" class=\"wp-image-1323 avia-img-lazy-loading-1323 attachment-entry_without_sidebar size-entry_without_sidebar wp-post-image\" alt=\"\" \/><\/a><\/div><div class=\"entry-content\"  itemprop=\"text\" ><p>Encuentro con Mujeres Palestinas en Sevilla El pr\u00f3ximo viernes 4 de octubre a las 19 horas en la sede de Solidaridad Internacional Andaluc\u00eda en Sevilla charlaremos con Sanaa Mohammed, Haya Alaf y Manal Tamimi sobre su iniciativa Women For Palestine. Organiza: Plataforma Solidaridad con Palestina de Sevilla-Coordinadora Andaluc\u00eda con Palestina<\/p>\n<div class=\"read-more-link\"><a href=\"https:\/\/womenforpalestine.org\/en\/encuentro-con-mujeres-palestinas-en-sevilla\/\" class=\"more-link\">Read more<span class='more-link-arrow avia-svg-icon avia-font-svg_entypo-fontello' data-av_svg_icon='right-open-big' data-av_iconset='svg_entypo-fontello'><svg version=\"1.1\" xmlns=\"http:\/\/www.w3.org\/2000\/svg\" width=\"15\" height=\"32\" viewBox=\"0 0 15 32\" preserveAspectRatio=\"xMidYMid meet\" role=\"graphics-symbol\" aria-hidden=\"true\">\n<path d=\"M0.416 27.84l11.456-11.84-11.456-11.904q-0.832-0.832 0-1.536 0.832-0.832 1.536 0l12.544 12.608q0.768 0.832 0 1.6l-12.544 12.608q-0.704 0.832-1.536 0-0.832-0.704 0-1.536z\"><\/path>\n<\/svg><\/span><\/a><\/div>\n<\/div><span class=\"post-meta-infos\"><time class=\"date-container minor-meta updated\"  itemprop=\"datePublished\" datetime=\"2024-10-07T08:31:18+00:00\" >07\/10\/2024<\/time><\/span><footer class=\"entry-footer\"><\/footer><div class='post_delimiter'><\/div><\/div><div class=\"post_author_timeline\"><\/div><span class='hidden'>\n\t\t\t\t<span class='av-structured-data'  itemprop=\"image\" itemscope=\"itemscope\" itemtype=\"https:\/\/schema.org\/ImageObject\" >\n\t\t\t\t\t\t<span itemprop='url'>https:\/\/womenforpalestine.org\/wp-content\/uploads\/2024\/10\/WhatsApp-Image-2024-10-01-at-22.16.42.jpeg<\/span>\n\t\t\t\t\t\t<span itemprop='height'>1600<\/span>\n\t\t\t\t\t\t<span itemprop='width'>1131<\/span>\n\t\t\t\t<\/span>\n\t\t\t\t<span class='av-structured-data'  itemprop=\"publisher\" itemtype=\"https:\/\/schema.org\/Organization\" itemscope=\"itemscope\" >\n\t\t\t\t\t\t<span itemprop='name'>Javier Diaz<\/span>\n\t\t\t\t\t\t<span itemprop='logo' itemscope itemtype='https:\/\/schema.org\/ImageObject'>\n\t\t\t\t\t\t\t<span itemprop='url'>https:\/\/womenforpalestine.org\/wp-content\/uploads\/2024\/03\/Logo-web-color-ub.png<\/span>\n\t\t\t\t\t\t<\/span>\n\t\t\t\t<\/span><span class='av-structured-data'  itemprop=\"author\" itemscope=\"itemscope\" itemtype=\"https:\/\/schema.org\/Person\" ><span itemprop='name'>Javier Diaz<\/span><\/span><span class='av-structured-data'  itemprop=\"datePublished\" datetime=\"2024-10-07T08:31:18+00:00\" >2024-10-07 08:31:18<\/span><span class='av-structured-data'  itemprop=\"dateModified\" itemtype=\"https:\/\/schema.org\/dateModified\" >2024-10-07 08:31:47<\/span><span class='av-structured-data'  itemprop=\"mainEntityOfPage\" itemtype=\"https:\/\/schema.org\/mainEntityOfPage\" ><span itemprop='name'>Encuentro con Mujeres Palestinas en Sevilla<\/span><\/span><\/span><\/article><div class='single-big'><nav class='pagination'><span class='pagination-meta'>Page 1 of 2<\/span><span class='current'>1<\/span><a href='https:\/\/womenforpalestine.org\/en\/wp-json\/wp\/v2\/pages\/995\/page\/2\/' class='inactive next_page' >2<\/a><\/nav>\n<\/div><\/div>\n\n","protected":false},"excerpt":{"rendered":"","protected":false},"author":1,"featured_media":0,"parent":0,"menu_order":8,"comment_status":"closed","ping_status":"closed","template":"","meta":{"footnotes":""},"class_list":["post-995","page","type-page","status-publish","hentry"],"_links":{"self":[{"href":"https:\/\/womenforpalestine.org\/en\/wp-json\/wp\/v2\/pages\/995","targetHints":{"allow":["GET"]}}],"collection":[{"href":"https:\/\/womenforpalestine.org\/en\/wp-json\/wp\/v2\/pages"}],"about":[{"href":"https:\/\/womenforpalestine.org\/en\/wp-json\/wp\/v2\/types\/page"}],"author":[{"embeddable":true,"href":"https:\/\/womenforpalestine.org\/en\/wp-json\/wp\/v2\/users\/1"}],"replies":[{"embeddable":true,"href":"https:\/\/womenforpalestine.org\/en\/wp-json\/wp\/v2\/comments?post=995"}],"version-history":[{"count":0,"href":"https:\/\/womenforpalestine.org\/en\/wp-json\/wp\/v2\/pages\/995\/revisions"}],"wp:attachment":[{"href":"https:\/\/womenforpalestine.org\/en\/wp-json\/wp\/v2\/media?parent=995"}],"curies":[{"name":"wp","href":"https:\/\/api.w.org\/{rel}","templated":true}]}}