{"id":955,"date":"2024-07-12T11:02:28","date_gmt":"2024-07-12T11:02:28","guid":{"rendered":"https:\/\/womenforpalestine.org\/?page_id=955"},"modified":"2024-07-12T11:08:01","modified_gmt":"2024-07-12T11:08:01","slug":"cv-concha-barquero","status":"publish","type":"page","link":"https:\/\/womenforpalestine.org\/en\/cv-concha-barquero\/","title":{"rendered":"CV Concha Barquero"},"content":{"rendered":"<style type=\"text\/css\" data-created_by=\"avia_inline_auto\" id=\"style-css-av-496rj-89ef08bb11781996dc006721643700ab\">\n.avia-section.av-496rj-89ef08bb11781996dc006721643700ab{\nmargin-top:40px;\nmargin-bottom:40px;\n}\n<\/style>\n<div id='av_section_1'  class='avia-section av-496rj-89ef08bb11781996dc006721643700ab main_color avia-section-default avia-no-border-styling  avia-builder-el-0  avia-builder-el-no-sibling  avia-bg-style-scroll container_wrap fullsize'  ><div class='container av-section-cont-open' ><main  role=\"main\" itemprop=\"mainContentOfPage\"  class='template-page content  av-content-full alpha units'><div class='post-entry post-entry-type-page post-entry-955'><div class='entry-content-wrapper clearfix'>\n<div  class='flex_column av-13f9gv-f2a581c9b25658d886a2aaae0529be89 av_one_fourth  avia-builder-el-1  el_before_av_three_fourth  avia-builder-el-first  first flex_column_div'     ><style type=\"text\/css\" data-created_by=\"avia_inline_auto\" id=\"style-css-av-z7gyn-96cb143fc3c34d487dfc3609a376a092\">\n.avia-image-container.av-z7gyn-96cb143fc3c34d487dfc3609a376a092 img.avia_image{\nbox-shadow:none;\n}\n.avia-image-container.av-z7gyn-96cb143fc3c34d487dfc3609a376a092 .av-image-caption-overlay-center{\ncolor:#ffffff;\n}\n<\/style>\n<div  class='avia-image-container av-z7gyn-96cb143fc3c34d487dfc3609a376a092 av-styling- avia-align-center  avia-builder-el-2  avia-builder-el-no-sibling'   itemprop=\"image\" itemscope=\"itemscope\" itemtype=\"https:\/\/schema.org\/ImageObject\" ><div class=\"avia-image-container-inner\"><div class=\"avia-image-overlay-wrap\"><img decoding=\"async\" fetchpriority=\"high\" class='wp-image-938 avia-img-lazy-loading-not-938 avia_image' src=\"https:\/\/womenforpalestine.org\/wp-content\/uploads\/2024\/07\/Concha-Barquero-300x300.jpg\" alt='' title='Concha Barquero'  height=\"300\" width=\"300\"  itemprop=\"thumbnailUrl\" srcset=\"https:\/\/womenforpalestine.org\/wp-content\/uploads\/2024\/07\/Concha-Barquero-300x300.jpg 300w, https:\/\/womenforpalestine.org\/wp-content\/uploads\/2024\/07\/Concha-Barquero-80x80.jpg 80w, https:\/\/womenforpalestine.org\/wp-content\/uploads\/2024\/07\/Concha-Barquero-36x36.jpg 36w, https:\/\/womenforpalestine.org\/wp-content\/uploads\/2024\/07\/Concha-Barquero-180x180.jpg 180w, https:\/\/womenforpalestine.org\/wp-content\/uploads\/2024\/07\/Concha-Barquero.jpg 400w\" sizes=\"(max-width: 300px) 100vw, 300px\" \/><\/div><\/div><\/div><\/div><div  class='flex_column av-swifr-ea28f54fb86280182f1bed55f724be7d av_three_fourth  avia-builder-el-3  el_after_av_one_fourth  avia-builder-el-last  flex_column_div'     ><p>\n<style type=\"text\/css\" data-created_by=\"avia_inline_auto\" id=\"style-css-av-kje5r-0e5874d555fdad3fd186e0f889960566\">\n#top .av-special-heading.av-kje5r-0e5874d555fdad3fd186e0f889960566{\npadding-bottom:10px;\n}\nbody .av-special-heading.av-kje5r-0e5874d555fdad3fd186e0f889960566 .av-special-heading-tag .heading-char{\nfont-size:25px;\n}\n.av-special-heading.av-kje5r-0e5874d555fdad3fd186e0f889960566 .av-subheading{\nfont-size:15px;\n}\n<\/style>\n<div  class='av-special-heading av-kje5r-0e5874d555fdad3fd186e0f889960566 av-special-heading-h2 blockquote modern-quote  avia-builder-el-4  el_before_av_hr  avia-builder-el-first'><h2 class='av-special-heading-tag'  itemprop=\"headline\"  >Concha Barquero<\/h2><div class=\"special-heading-border\"><div class=\"special-heading-inner-border\"><\/div><\/div><\/div><br \/>\n\n<style type=\"text\/css\" data-created_by=\"avia_inline_auto\" id=\"style-css-av-fyvbj-ebec1551ed7e2e27e5399fad9d0fb044\">\n#top .hr.hr-invisible.av-fyvbj-ebec1551ed7e2e27e5399fad9d0fb044{\nheight:30px;\n}\n<\/style>\n<div  class='hr av-fyvbj-ebec1551ed7e2e27e5399fad9d0fb044 hr-invisible  avia-builder-el-5  el_after_av_heading  el_before_av_textblock'><span class='hr-inner'><span class=\"hr-inner-style\"><\/span><\/span><\/div><br \/>\n<section  class='av_textblock_section av-a3at3-fde7217f870de50880ac779110113ac4'   itemscope=\"itemscope\" itemtype=\"https:\/\/schema.org\/CreativeWork\" ><div class='avia_textblock'  itemprop=\"text\" ><div class=\"page\" title=\"Page 2\">\n<div class=\"section\">\n<div class=\"section\">\n<div class=\"layoutArea\">\n<div class=\"column\">\n<div class=\"page\" title=\"Page 2\">\n<div class=\"section\">\n<div class=\"layoutArea\">\n<div class=\"column\">\n<p><strong>NAME AND SURNAME:<\/strong> Concha Barquero<br \/>\n<strong>POSITION:<\/strong> Associate Professor<span style=\"color: #333333;\"><br \/>\n<\/span><strong>UNIVERSITY\/ORGANISATION:<\/strong> University of Malaga<br \/>\n<strong>COUNTRY:<\/strong> Spain<\/p>\n<\/div>\n<p>Filmmaker, teacher, researcher and film programmer. She holds a degree in Audiovisual Communication from the University of Malaga (1999) and a Master's Degree in Scriptwriting for Film and Television from the Autonomous University of Barcelona (2000). She has formed a creative tandem with Alejandro Alvarado since 2001. As a professional, he has combined cultural and informative television with documentary filmmaking. His work has been present in audiovisual and film competitions around the world such as the Mar del Plata International Film Festival (Argentina), European Media Art in Osnabr\u00fcck (Germany) and Doclisboa (Portugal), and has been broadcast on television channels such as Canal Plus, TVE, Canal Historia, the Ibero-American Cultural Educational Television network and Films for the Humanities &amp; Sciences.<\/p>\n<p>For a decade he was a scriptwriter for the programmes <em>Theses and Theses in the international<\/em> (2001-11) on Canal Sur Andaluc\u00eda, a benchmark television programme backed by numerous awards such as the Prize for the Best National Programme of Scientific Dissemination at the XXVI Biennial of Scientific Cinema in Ronda or the First Television Prize of the Advisory Council of RTVE of Andalusia, awarded to a report on gender violence. He has directed the social documentaries <em>The Reverse Side of Reality<\/em> (2007) y <em>Warmi. Some notes on La Paz and its women<\/em> (2014), produced for the International Relations and Cooperation Service of the University of Malaga and the Junta de Andaluc\u00eda. Andalusian Agency for Cooperation (AACID).<\/p>\n<p>His feature-length documentary <em>Pepe the Andalusian<\/em> (2012) and his short film <em>Descartes<\/em> (2021) are their most important works, which have won numerous awards, such as the XXIX Andalusia Journalism Award (audiovisual modality), the Award for Best Spanish Documentary at X Documenta Madrid or the Grand Prize for Spanish Cinema at Zinebi. They have been screened at festivals, cinemas, museums and cultural centres in Europe, Latin America and Africa.<\/p>\n<p>In the academic field, she is the author of a dozen publications related to documentary film. She has participated, among others, in the books <em>Documentary film in Spain: history, aesthetics and identity<\/em> (Chair, 2023), <em>Feminisms, violence and social networks: Iberoamerican practices and strategies against hate speeches<\/em> (Peter Lang, 2022) or <em>No se est\u00e1 quieto. New Documentary Forms in Hispanic Audiovisuals<\/em> (Iberoamericana and Vervuert, 2016). Internationally, she has been invited on twenty occasions as a guest lecturer at prestigious universities and cultural centres such as New York University (2014), the Arteleku Contemporary Art Centre (2013) and the Mar del Plata International Film Festival (2012).<\/p>\n<p>He is currently a member of the R&amp;D projects <em>Palestinian women's human rights: stories of resilience in times of covid-19, Resilience and socio-educational accompaniment in the social inclusion of Ex-Mena youth.<\/em> y <em>Educating from the margins: inclusion and resilience of young people in deprived urban areas<\/em>studying the application of documentaries to social projects. In this field, she is part of the team that has been awarded the Prize of the III Social Projects Research Contest (2022) of the FOESSA Foundation. She was also a member of the Andalusian Observatory of male violence in the audiovisual media of the University of Malaga (2013-14), a Project of Excellence of the Andalusian Regional Government.<\/p>\n<p>Since 2013 she has been a collaborator of the Malaga Festival. Cine en Espa\u00f1ol, member of the selection committee of the Official Documentary Film Section (2014-2022) and coordinator of M\u00e1laga Docs. Documentary Film Encounter (2016-2023). She is the programming coordinator of the Sala de los Cineastas M\u00e1laga, a cycle organised by the association Uni\u00f3n de Cineastas, in collaboration with the Malaga Festival, the University of Malaga and the Cine Alb\u00e9niz (2016-2023).<\/p>\n<\/div>\n<\/div>\n<\/div>\n<\/div>\n<\/div>\n<\/div>\n<\/div>\n<\/div>\n<\/div><\/section><\/p><\/div>","protected":false},"excerpt":{"rendered":"","protected":false},"author":1,"featured_media":0,"parent":0,"menu_order":101,"comment_status":"closed","ping_status":"closed","template":"template-blank.php","meta":{"footnotes":""},"class_list":["post-955","page","type-page","status-publish","hentry"],"_links":{"self":[{"href":"https:\/\/womenforpalestine.org\/en\/wp-json\/wp\/v2\/pages\/955","targetHints":{"allow":["GET"]}}],"collection":[{"href":"https:\/\/womenforpalestine.org\/en\/wp-json\/wp\/v2\/pages"}],"about":[{"href":"https:\/\/womenforpalestine.org\/en\/wp-json\/wp\/v2\/types\/page"}],"author":[{"embeddable":true,"href":"https:\/\/womenforpalestine.org\/en\/wp-json\/wp\/v2\/users\/1"}],"replies":[{"embeddable":true,"href":"https:\/\/womenforpalestine.org\/en\/wp-json\/wp\/v2\/comments?post=955"}],"version-history":[{"count":0,"href":"https:\/\/womenforpalestine.org\/en\/wp-json\/wp\/v2\/pages\/955\/revisions"}],"wp:attachment":[{"href":"https:\/\/womenforpalestine.org\/en\/wp-json\/wp\/v2\/media?parent=955"}],"curies":[{"name":"wp","href":"https:\/\/api.w.org\/{rel}","templated":true}]}}