{"id":1010,"date":"2024-07-23T08:28:40","date_gmt":"2024-07-23T08:28:40","guid":{"rendered":"https:\/\/womenforpalestine.org\/?page_id=1010"},"modified":"2024-07-22T15:36:14","modified_gmt":"2024-07-22T15:36:14","slug":"investigacion","status":"publish","type":"page","link":"https:\/\/womenforpalestine.org\/en\/investigacion\/","title":{"rendered":"Research"},"content":{"rendered":"<div id='av_section_1'  class='avia-section av-9fc1n-213e7ee70b140016056acee6137fac78 main_color avia-section-default avia-no-border-styling  avia-builder-el-0  avia-builder-el-no-sibling  avia-bg-style-scroll container_wrap fullsize'  ><div class='container av-section-cont-open' ><main  role=\"main\" itemprop=\"mainContentOfPage\"  class='template-page content  av-content-full alpha units'><div class='post-entry post-entry-type-page post-entry-1010'><div class='entry-content-wrapper clearfix'>\n<section  class='av_textblock_section av-lywxca7p-1118f334f9d4c479159dfa2ed7b8e22c '   itemscope=\"itemscope\" itemtype=\"https:\/\/schema.org\/CreativeWork\" ><div class='avia_textblock'  itemprop=\"text\" ><h1 style=\"text-align: left; font-size: 6em; opacity: 0.3;\"><strong>INVESTIGACI\u00d3N<\/strong><\/h1>\n<\/div><\/section>\n<div  class='av-alb-blogposts template-blog  av-blog-meta-author-disabled av-blog-meta-comments-disabled av-blog-meta-category-disabled av-blog-meta-html-info-disabled '  itemscope=\"itemscope\" itemtype=\"https:\/\/schema.org\/Blog\" ><article class=\"post-entry post-entry-type-standard post-entry-1264 post-loop-1 post-parity-odd post-entry-last single-big with-slider post-1264 post type-post status-publish format-standard has-post-thumbnail hentry category-activismo category-investigacion\"  itemscope=\"itemscope\" itemtype=\"https:\/\/schema.org\/BlogPosting\" ><div class=\"blog-meta\"><\/div><div class='entry-content-wrapper clearfix standard-content'><header class=\"entry-content-header\" aria-label=\"Post: Seminario de Investigaci\u00f3n en M\u00e1laga\"><div class=\"av-heading-wrapper\"><span class=\"blog-categories minor-meta\"><a href=\"https:\/\/womenforpalestine.org\/en\/category\/activismo\/\" rel=\"tag\">Activismo<\/a>, <a href=\"https:\/\/womenforpalestine.org\/en\/category\/investigacion\/\" rel=\"tag\">Investigaci\u00f3n<\/a><\/span><h2 class='post-title entry-title '  itemprop=\"headline\" ><a href=\"https:\/\/womenforpalestine.org\/en\/seminario-de-investigacion-en-malaga\/\" rel=\"bookmark\" title=\"Permanent Link: Seminario de Investigaci\u00f3n en M\u00e1laga\">Seminario de Investigaci\u00f3n en M\u00e1laga<span class=\"post-format-icon minor-meta\"><\/span><\/a><\/h2><\/div><\/header><span class=\"av-vertical-delimiter\"><\/span><div class=\"big-preview single-big\"  itemprop=\"image\" itemscope=\"itemscope\" itemtype=\"https:\/\/schema.org\/ImageObject\" ><a href=\"https:\/\/womenforpalestine.org\/en\/seminario-de-investigacion-en-malaga\/\"  title=\"CARTEL\" ><img decoding=\"async\" loading=\"lazy\" width=\"1080\" height=\"423\" src=\"https:\/\/womenforpalestine.org\/wp-content\/uploads\/2024\/09\/CARTEL-1080x423.jpg\" class=\"wp-image-1265 avia-img-lazy-loading-1265 attachment-entry_without_sidebar size-entry_without_sidebar wp-post-image\" alt=\"\" \/><\/a><\/div><div class=\"entry-content\"  itemprop=\"text\" ><p>Este seminario de investigaci\u00f3n sobre la resistencia de las mujeres palestinas bajo ocupaci\u00f3n se da con el paraguas del proyecto de investigaci\u00f3n en Cooperaci\u00f3n Internacional para el Desarrollo LOS DERECHOS HUMANOS DE LAS MUJERES PALESTINAS: RELATOS DE RESILIENCIA EN TIEMPOS DE COVID-19, financiado por la Agencia Andaluza de Cooperaci\u00f3n Internacional para el Desarrollo (AACID) y [&hellip;]<\/p>\n<div class=\"read-more-link\"><a href=\"https:\/\/womenforpalestine.org\/en\/seminario-de-investigacion-en-malaga\/\" class=\"more-link\">Read more<span class='more-link-arrow avia-svg-icon avia-font-svg_entypo-fontello' data-av_svg_icon='right-open-big' data-av_iconset='svg_entypo-fontello'><svg version=\"1.1\" xmlns=\"http:\/\/www.w3.org\/2000\/svg\" width=\"15\" height=\"32\" viewBox=\"0 0 15 32\" preserveAspectRatio=\"xMidYMid meet\" role=\"graphics-symbol\" aria-hidden=\"true\">\n<path d=\"M0.416 27.84l11.456-11.84-11.456-11.904q-0.832-0.832 0-1.536 0.832-0.832 1.536 0l12.544 12.608q0.768 0.832 0 1.6l-12.544 12.608q-0.704 0.832-1.536 0-0.832-0.704 0-1.536z\"><\/path>\n<\/svg><\/span><\/a><\/div>\n<\/div><span class=\"post-meta-infos\"><time class=\"date-container minor-meta updated\"  itemprop=\"datePublished\" datetime=\"2024-09-26T11:13:04+00:00\" >26\/09\/2024<\/time><\/span><footer class=\"entry-footer\"><\/footer><div class='post_delimiter'><\/div><\/div><div class=\"post_author_timeline\"><\/div><span class='hidden'>\n\t\t\t\t<span class='av-structured-data'  itemprop=\"image\" itemscope=\"itemscope\" itemtype=\"https:\/\/schema.org\/ImageObject\" >\n\t\t\t\t\t\t<span itemprop='url'>https:\/\/womenforpalestine.org\/wp-content\/uploads\/2024\/09\/CARTEL.jpg<\/span>\n\t\t\t\t\t\t<span itemprop='height'>1080<\/span>\n\t\t\t\t\t\t<span itemprop='width'>1080<\/span>\n\t\t\t\t<\/span>\n\t\t\t\t<span class='av-structured-data'  itemprop=\"publisher\" itemtype=\"https:\/\/schema.org\/Organization\" itemscope=\"itemscope\" >\n\t\t\t\t\t\t<span itemprop='name'>Javier Diaz<\/span>\n\t\t\t\t\t\t<span itemprop='logo' itemscope itemtype='https:\/\/schema.org\/ImageObject'>\n\t\t\t\t\t\t\t<span itemprop='url'>https:\/\/womenforpalestine.org\/wp-content\/uploads\/2024\/03\/Logo-web-color-ub.png<\/span>\n\t\t\t\t\t\t<\/span>\n\t\t\t\t<\/span><span class='av-structured-data'  itemprop=\"author\" itemscope=\"itemscope\" itemtype=\"https:\/\/schema.org\/Person\" ><span itemprop='name'>Javier Diaz<\/span><\/span><span class='av-structured-data'  itemprop=\"datePublished\" datetime=\"2024-09-26T11:13:04+00:00\" >2024-09-26 11:13:04<\/span><span class='av-structured-data'  itemprop=\"dateModified\" itemtype=\"https:\/\/schema.org\/dateModified\" >2024-09-30 07:41:05<\/span><span class='av-structured-data'  itemprop=\"mainEntityOfPage\" itemtype=\"https:\/\/schema.org\/mainEntityOfPage\" ><span itemprop='name'>Seminario de Investigaci\u00f3n en M\u00e1laga<\/span><\/span><\/span><\/article><div class='single-big'><\/div><\/div>\n\n","protected":false},"excerpt":{"rendered":"","protected":false},"author":1,"featured_media":0,"parent":0,"menu_order":8,"comment_status":"closed","ping_status":"closed","template":"","meta":{"footnotes":""},"class_list":["post-1010","page","type-page","status-publish","hentry"],"_links":{"self":[{"href":"https:\/\/womenforpalestine.org\/en\/wp-json\/wp\/v2\/pages\/1010","targetHints":{"allow":["GET"]}}],"collection":[{"href":"https:\/\/womenforpalestine.org\/en\/wp-json\/wp\/v2\/pages"}],"about":[{"href":"https:\/\/womenforpalestine.org\/en\/wp-json\/wp\/v2\/types\/page"}],"author":[{"embeddable":true,"href":"https:\/\/womenforpalestine.org\/en\/wp-json\/wp\/v2\/users\/1"}],"replies":[{"embeddable":true,"href":"https:\/\/womenforpalestine.org\/en\/wp-json\/wp\/v2\/comments?post=1010"}],"version-history":[{"count":0,"href":"https:\/\/womenforpalestine.org\/en\/wp-json\/wp\/v2\/pages\/1010\/revisions"}],"wp:attachment":[{"href":"https:\/\/womenforpalestine.org\/en\/wp-json\/wp\/v2\/media?parent=1010"}],"curies":[{"name":"wp","href":"https:\/\/api.w.org\/{rel}","templated":true}]}}