{"id":956,"date":"2024-07-12T10:59:34","date_gmt":"2024-07-12T10:59:34","guid":{"rendered":"https:\/\/womenforpalestine.org\/?page_id=956"},"modified":"2024-07-12T11:00:42","modified_gmt":"2024-07-12T11:00:42","slug":"cv-teresa-vera","status":"publish","type":"page","link":"http:\/\/womenforpalestine.org\/es_es\/cv-teresa-vera\/","title":{"rendered":"CV Teresa Vera"},"content":{"rendered":"\n<style type=\"text\/css\" data-created_by=\"avia_inline_auto\" id=\"style-css-av-496rj-89ef08bb11781996dc006721643700ab\">\n.avia-section.av-496rj-89ef08bb11781996dc006721643700ab{\nmargin-top:40px;\nmargin-bottom:40px;\n}\n<\/style>\n<div id='av_section_1'  class='avia-section av-496rj-89ef08bb11781996dc006721643700ab main_color avia-section-default avia-no-border-styling  avia-builder-el-0  avia-builder-el-no-sibling  avia-bg-style-scroll container_wrap fullsize'  ><div class='container av-section-cont-open' ><main  role=\"main\" itemprop=\"mainContentOfPage\"  class='template-page content  av-content-full alpha units'><div class='post-entry post-entry-type-page post-entry-956'><div class='entry-content-wrapper clearfix'>\n<div  class='flex_column av-13f9gv-f2a581c9b25658d886a2aaae0529be89 av_one_fourth  avia-builder-el-1  el_before_av_three_fourth  avia-builder-el-first  first flex_column_div  '     ><style type=\"text\/css\" data-created_by=\"avia_inline_auto\" id=\"style-css-av-z7gyn-b29871a7a1414f14cd54b7427b802cf1\">\n.avia-image-container.av-z7gyn-b29871a7a1414f14cd54b7427b802cf1 img.avia_image{\nbox-shadow:none;\n}\n.avia-image-container.av-z7gyn-b29871a7a1414f14cd54b7427b802cf1 .av-image-caption-overlay-center{\ncolor:#ffffff;\n}\n<\/style>\n<div  class='avia-image-container av-z7gyn-b29871a7a1414f14cd54b7427b802cf1 av-styling- avia-align-center  avia-builder-el-2  avia-builder-el-no-sibling '   itemprop=\"image\" itemscope=\"itemscope\" itemtype=\"https:\/\/schema.org\/ImageObject\" ><div class=\"avia-image-container-inner\"><div class=\"avia-image-overlay-wrap\"><img decoding=\"async\" fetchpriority=\"high\" class='wp-image-937 avia-img-lazy-loading-not-937 avia_image ' src=\"http:\/\/womenforpalestine.org\/wp-content\/uploads\/2024\/07\/Teresa-Vera-300x300.jpg\" alt='' title='Teresa Vera'  height=\"300\" width=\"300\"  itemprop=\"thumbnailUrl\" srcset=\"http:\/\/womenforpalestine.org\/wp-content\/uploads\/2024\/07\/Teresa-Vera-300x300.jpg 300w, http:\/\/womenforpalestine.org\/wp-content\/uploads\/2024\/07\/Teresa-Vera-80x80.jpg 80w, http:\/\/womenforpalestine.org\/wp-content\/uploads\/2024\/07\/Teresa-Vera-36x36.jpg 36w, http:\/\/womenforpalestine.org\/wp-content\/uploads\/2024\/07\/Teresa-Vera-180x180.jpg 180w, http:\/\/womenforpalestine.org\/wp-content\/uploads\/2024\/07\/Teresa-Vera.jpg 400w\" sizes=\"(max-width: 300px) 100vw, 300px\" \/><\/div><\/div><\/div><\/div><div  class='flex_column av-swifr-ea28f54fb86280182f1bed55f724be7d av_three_fourth  avia-builder-el-3  el_after_av_one_fourth  avia-builder-el-last  flex_column_div  '     ><p>\n<style type=\"text\/css\" data-created_by=\"avia_inline_auto\" id=\"style-css-av-kje5r-7b27f6981320547196a0e91714284281\">\n#top .av-special-heading.av-kje5r-7b27f6981320547196a0e91714284281{\npadding-bottom:10px;\n}\nbody .av-special-heading.av-kje5r-7b27f6981320547196a0e91714284281 .av-special-heading-tag .heading-char{\nfont-size:25px;\n}\n.av-special-heading.av-kje5r-7b27f6981320547196a0e91714284281 .av-subheading{\nfont-size:15px;\n}\n<\/style>\n<div  class='av-special-heading av-kje5r-7b27f6981320547196a0e91714284281 av-special-heading-h2 blockquote modern-quote  avia-builder-el-4  el_before_av_hr  avia-builder-el-first '><h2 class='av-special-heading-tag '  itemprop=\"headline\"  >Teresa Vera<\/h2><div class=\"special-heading-border\"><div class=\"special-heading-inner-border\"><\/div><\/div><\/div><br \/>\n\n<style type=\"text\/css\" data-created_by=\"avia_inline_auto\" id=\"style-css-av-fyvbj-ebec1551ed7e2e27e5399fad9d0fb044\">\n#top .hr.hr-invisible.av-fyvbj-ebec1551ed7e2e27e5399fad9d0fb044{\nheight:30px;\n}\n<\/style>\n<div  class='hr av-fyvbj-ebec1551ed7e2e27e5399fad9d0fb044 hr-invisible  avia-builder-el-5  el_after_av_heading  el_before_av_textblock '><span class='hr-inner '><span class=\"hr-inner-style\"><\/span><\/span><\/div><br \/>\n<section  class='av_textblock_section av-a3at3-fde7217f870de50880ac779110113ac4 '   itemscope=\"itemscope\" itemtype=\"https:\/\/schema.org\/CreativeWork\" ><div class='avia_textblock'  itemprop=\"text\" ><div class=\"page\" title=\"Page 2\">\n<div class=\"section\">\n<div class=\"section\">\n<div class=\"layoutArea\">\n<div class=\"column\">\n<div class=\"page\" title=\"Page 2\">\n<div class=\"section\">\n<div class=\"layoutArea\">\n<div class=\"column\">\n<p><strong>NOMBRE Y APELLIDO:<\/strong> Teresa Vera<br \/>\n<strong>CARGO:<\/strong> <span style=\"color: #333333;\">Profesora<\/span><br \/>\n<strong>UNIVERSIDAD\/ORGANIZACI\u00d3N:<\/strong> Universidad de Malaga<br \/>\n<strong>PA\u00cdS:<\/strong> Espa\u00f1a<\/p>\n<\/div>\n<p class=\"p1\"><span style=\"color: #333333;\">Profesora titular de Periodismo en la Facultad de Ciencias de la Comunicaci\u00f3n de la Universidad de M\u00e1laga, Doctora en Historia Contempor\u00e1nea. <\/span><\/p>\n<p class=\"p1\"><span style=\"color: #333333;\">Docente en las materias de Teor\u00edas de la Comunicaci\u00f3n, en el Grado de Periodismo, y en Periodismo, igualdad y derechos humanos en Europa, en Posgrado, as\u00ed como en las l\u00edneas de investigaci\u00f3n en Investigaci\u00f3n en Comunicaci\u00f3n y estudios de g\u00e9nero en Doctorado.<\/span><\/p>\n<p class=\"p1\"><span style=\"color: #333333;\"> Coordinadora de la secci\u00f3n de\u00a0 G\u00e9nero y Comunicaci\u00f3n de la AE-IC, y coordinadora estatal del Proyecto Global de Monitoreo de Medios (GMMP, 2020 y 2025) Codirectora del Proyecto Nacional de I+D+i \u00abProdusage juvenil en las redes sociales y manifestaciones de las desigualdades de g\u00e9nero: nuevas formas de violencia\u00bb (FEM2017-83302-C3-2-P) (Ministerio de Econom\u00eda, Industria y Competitividad, 2018-2021). IP de los proyectos europeos 2018-1-DE02-KA204-005060, AAA Arguments Against Agression. Strategies and Tools against Hate Speech in Face -to-Face Encounters and in Social Media (Erasmus+ Grant agreement KA2 Strategic Partnership) (2018-2021) y Non-formal Skills improvement and Recognition for adult learners (2020-1-ES01-KA204-082195) para el periodo 2020-2022<\/span><\/p>\n<\/div>\n<\/div>\n<\/div>\n<\/div>\n<\/div>\n<\/div>\n<\/div>\n<\/div>\n<\/div><\/section><\/p><\/div>\n","protected":false},"excerpt":{"rendered":"","protected":false},"author":1,"featured_media":0,"parent":0,"menu_order":101,"comment_status":"closed","ping_status":"closed","template":"template-blank.php","meta":{"footnotes":""},"class_list":["post-956","page","type-page","status-publish","hentry"],"_links":{"self":[{"href":"http:\/\/womenforpalestine.org\/es_es\/wp-json\/wp\/v2\/pages\/956","targetHints":{"allow":["GET"]}}],"collection":[{"href":"http:\/\/womenforpalestine.org\/es_es\/wp-json\/wp\/v2\/pages"}],"about":[{"href":"http:\/\/womenforpalestine.org\/es_es\/wp-json\/wp\/v2\/types\/page"}],"author":[{"embeddable":true,"href":"http:\/\/womenforpalestine.org\/es_es\/wp-json\/wp\/v2\/users\/1"}],"replies":[{"embeddable":true,"href":"http:\/\/womenforpalestine.org\/es_es\/wp-json\/wp\/v2\/comments?post=956"}],"version-history":[{"count":0,"href":"http:\/\/womenforpalestine.org\/es_es\/wp-json\/wp\/v2\/pages\/956\/revisions"}],"wp:attachment":[{"href":"http:\/\/womenforpalestine.org\/es_es\/wp-json\/wp\/v2\/media?parent=956"}],"curies":[{"name":"wp","href":"https:\/\/api.w.org\/{rel}","templated":true}]}}