{"id":796,"date":"2024-07-22T11:45:11","date_gmt":"2024-07-22T11:45:11","guid":{"rendered":"https:\/\/womenforpalestine.org\/?page_id=796"},"modified":"2024-07-11T09:06:28","modified_gmt":"2024-07-11T09:06:28","slug":"lo-que-hacemos","status":"publish","type":"page","link":"http:\/\/womenforpalestine.org\/es_es\/lo-que-hacemos\/","title":{"rendered":"Lo que hacemos"},"content":{"rendered":"<div id='av-layout-grid-1'  class='av-layout-grid-container av-wbrzp-2e3776d5466a10a84fba1a1bb8bffeb7 entry-content-wrapper main_color av-flex-cells  avia-builder-el-0  avia-builder-el-no-sibling   container_wrap fullsize'  >\n\n<style type=\"text\/css\" data-created_by=\"avia_inline_auto\" id=\"style-css-av-s85y5-aa0caaf4c0794563db4cf29653ec0126\">\n.flex_cell.av-s85y5-aa0caaf4c0794563db4cf29653ec0126{\nvertical-align:top;\n}\n.responsive #top #wrap_all .flex_cell.av-s85y5-aa0caaf4c0794563db4cf29653ec0126{\npadding:40px 40px 40px 40px !important;\n}\n<\/style>\n<div class='flex_cell av-s85y5-aa0caaf4c0794563db4cf29653ec0126 av-gridrow-cell av_one_half no_margin  avia-builder-el-1  el_before_av_cell_one_half  avia-builder-el-first  content-align-top'  ><div class='flex_cell_inner'><p>\n<style type=\"text\/css\" data-created_by=\"avia_inline_auto\" id=\"style-css-av-lz8q5-230e9a3403397d325fdaecb9bc08e502\">\n#top .av-special-heading.av-lz8q5-230e9a3403397d325fdaecb9bc08e502{\npadding-bottom:10px;\n}\nbody .av-special-heading.av-lz8q5-230e9a3403397d325fdaecb9bc08e502 .av-special-heading-tag .heading-char{\nfont-size:25px;\n}\n.av-special-heading.av-lz8q5-230e9a3403397d325fdaecb9bc08e502 .av-subheading{\nfont-size:15px;\n}\n<\/style>\n<div  class='av-special-heading av-lz8q5-230e9a3403397d325fdaecb9bc08e502 av-special-heading-h1  avia-builder-el-2  el_before_av_blog  avia-builder-el-first '><h1 class='av-special-heading-tag '  itemprop=\"headline\"  >ACTIVISMO<\/h1><div class=\"special-heading-border\"><div class=\"special-heading-inner-border\"><\/div><\/div><\/div><br \/>\n<div  class='av-alb-blogposts template-blog  av-blog-meta-author-disabled av-blog-meta-comments-disabled av-blog-meta-category-disabled av-blog-meta-html-info-disabled '  itemscope=\"itemscope\" itemtype=\"https:\/\/schema.org\/Blog\" ><article class=\"post-entry post-entry-type-standard post-entry-1322 post-loop-1 post-parity-odd post-entry-last single-big with-slider post-1322 post type-post status-publish format-standard has-post-thumbnail hentry category-activismo category-sin-categoria tag-feminismo tag-mujeres tag-palestina tag-palestine tag-resistencia tag-sevilla\"  itemscope=\"itemscope\" itemtype=\"https:\/\/schema.org\/BlogPosting\" ><div class=\"blog-meta\"><\/div><div class='entry-content-wrapper clearfix standard-content'><header class=\"entry-content-header\" aria-label=\"Post: Encuentro con Mujeres Palestinas en Sevilla\"><div class=\"av-heading-wrapper\"><span class=\"blog-categories minor-meta\"><a href=\"http:\/\/womenforpalestine.org\/es_es\/category\/activismo\/\" rel=\"tag\">Activismo<\/a>, <a href=\"http:\/\/womenforpalestine.org\/es_es\/category\/sin-categoria\/\" rel=\"tag\">Sin categor\u00eda<\/a><\/span><h2 class='post-title entry-title '  itemprop=\"headline\" ><a href=\"http:\/\/womenforpalestine.org\/es_es\/encuentro-con-mujeres-palestinas-en-sevilla\/\" rel=\"bookmark\" title=\"Enlace permanente: Encuentro con Mujeres Palestinas en Sevilla\">Encuentro con Mujeres Palestinas en Sevilla<span class=\"post-format-icon minor-meta\"><\/span><\/a><\/h2><\/div><\/header><span class=\"av-vertical-delimiter\"><\/span><div class=\"big-preview single-big\"  itemprop=\"image\" itemscope=\"itemscope\" itemtype=\"https:\/\/schema.org\/ImageObject\" ><a href=\"http:\/\/womenforpalestine.org\/es_es\/encuentro-con-mujeres-palestinas-en-sevilla\/\"  title=\"WhatsApp Image 2024-10-01 at 22.16.42\" ><img decoding=\"async\" loading=\"lazy\" width=\"1131\" height=\"423\" src=\"http:\/\/womenforpalestine.org\/wp-content\/uploads\/2024\/10\/WhatsApp-Image-2024-10-01-at-22.16.42-1131x423.jpeg\" class=\"wp-image-1323 avia-img-lazy-loading-1323 attachment-entry_without_sidebar size-entry_without_sidebar wp-post-image\" alt=\"\" \/><\/a><\/div><div class=\"entry-content\"  itemprop=\"text\" ><p>Encuentro con Mujeres Palestinas en Sevilla El pr\u00f3ximo viernes 4 de octubre a las 19 horas en la sede de Solidaridad Internacional Andaluc\u00eda en Sevilla charlaremos con Sanaa Mohammed, Haya Alaf y Manal Tamimi sobre su iniciativa Women For Palestine. Organiza: Plataforma Solidaridad con Palestina de Sevilla-Coordinadora Andaluc\u00eda con Palestina<\/p>\n<div class=\"read-more-link\"><a href=\"http:\/\/womenforpalestine.org\/es_es\/encuentro-con-mujeres-palestinas-en-sevilla\/\" class=\"more-link\">Leer m\u00e1s<span class='more-link-arrow avia-svg-icon avia-font-svg_entypo-fontello' data-av_svg_icon='right-open-big' data-av_iconset='svg_entypo-fontello'><svg version=\"1.1\" xmlns=\"http:\/\/www.w3.org\/2000\/svg\" width=\"15\" height=\"32\" viewBox=\"0 0 15 32\" preserveAspectRatio=\"xMidYMid meet\" role=\"graphics-symbol\" aria-hidden=\"true\">\n<path d=\"M0.416 27.84l11.456-11.84-11.456-11.904q-0.832-0.832 0-1.536 0.832-0.832 1.536 0l12.544 12.608q0.768 0.832 0 1.6l-12.544 12.608q-0.704 0.832-1.536 0-0.832-0.704 0-1.536z\"><\/path>\n<\/svg><\/span><\/a><\/div>\n<\/div><span class=\"post-meta-infos\"><time class=\"date-container minor-meta updated\"  itemprop=\"datePublished\" datetime=\"2024-10-07T08:31:18+00:00\" >07\/10\/2024<\/time><\/span><footer class=\"entry-footer\"><\/footer><div class='post_delimiter'><\/div><\/div><div class=\"post_author_timeline\"><\/div><span class='hidden'>\n\t\t\t\t<span class='av-structured-data'  itemprop=\"image\" itemscope=\"itemscope\" itemtype=\"https:\/\/schema.org\/ImageObject\" >\n\t\t\t\t\t\t<span itemprop='url'>http:\/\/womenforpalestine.org\/wp-content\/uploads\/2024\/10\/WhatsApp-Image-2024-10-01-at-22.16.42.jpeg<\/span>\n\t\t\t\t\t\t<span itemprop='height'>1600<\/span>\n\t\t\t\t\t\t<span itemprop='width'>1131<\/span>\n\t\t\t\t<\/span>\n\t\t\t\t<span class='av-structured-data'  itemprop=\"publisher\" itemtype=\"https:\/\/schema.org\/Organization\" itemscope=\"itemscope\" >\n\t\t\t\t\t\t<span itemprop='name'>Javier Diaz<\/span>\n\t\t\t\t\t\t<span itemprop='logo' itemscope itemtype='https:\/\/schema.org\/ImageObject'>\n\t\t\t\t\t\t\t<span itemprop='url'>https:\/\/womenforpalestine.org\/wp-content\/uploads\/2024\/03\/Logo-web-color-ub.png<\/span>\n\t\t\t\t\t\t<\/span>\n\t\t\t\t<\/span><span class='av-structured-data'  itemprop=\"author\" itemscope=\"itemscope\" itemtype=\"https:\/\/schema.org\/Person\" ><span itemprop='name'>Javier Diaz<\/span><\/span><span class='av-structured-data'  itemprop=\"datePublished\" datetime=\"2024-10-07T08:31:18+00:00\" >2024-10-07 08:31:18<\/span><span class='av-structured-data'  itemprop=\"dateModified\" itemtype=\"https:\/\/schema.org\/dateModified\" >2024-10-07 08:31:47<\/span><span class='av-structured-data'  itemprop=\"mainEntityOfPage\" itemtype=\"https:\/\/schema.org\/mainEntityOfPage\" ><span itemprop='name'>Encuentro con Mujeres Palestinas en Sevilla<\/span><\/span><\/span><\/article><div class='single-big'><\/div><\/div><\/p>\n<\/div><\/div>\n<style type=\"text\/css\" data-created_by=\"avia_inline_auto\" id=\"style-css-av-7v6lp-e41eb56baee4aa09237f30846f1c20ff\">\n.flex_cell.av-7v6lp-e41eb56baee4aa09237f30846f1c20ff{\nvertical-align:top;\n}\n.responsive #top #wrap_all .flex_cell.av-7v6lp-e41eb56baee4aa09237f30846f1c20ff{\npadding:40px 40px 40px 40px !important;\n}\n<\/style>\n<div class='flex_cell av-7v6lp-e41eb56baee4aa09237f30846f1c20ff av-gridrow-cell av_one_half no_margin content-align-top'  ><div class='flex_cell_inner'><p>\n<style type=\"text\/css\" data-created_by=\"avia_inline_auto\" id=\"style-css-av-lxx5q5nm-56e1cdc00e7e325dbd94980f11577011\">\n#top .av-special-heading.av-lxx5q5nm-56e1cdc00e7e325dbd94980f11577011{\npadding-bottom:10px;\n}\nbody .av-special-heading.av-lxx5q5nm-56e1cdc00e7e325dbd94980f11577011 .av-special-heading-tag .heading-char{\nfont-size:25px;\n}\n.av-special-heading.av-lxx5q5nm-56e1cdc00e7e325dbd94980f11577011 .av-subheading{\nfont-size:15px;\n}\n<\/style>\n<div  class='av-special-heading av-lxx5q5nm-56e1cdc00e7e325dbd94980f11577011 av-special-heading-h1'><h1 class='av-special-heading-tag '  itemprop=\"headline\"  >INVESTIGACI\u00d3N<\/h1><div class=\"special-heading-border\"><div class=\"special-heading-inner-border\"><\/div><\/div><\/div><br \/>\n<div  class='av-alb-blogposts template-blog  av-blog-meta-author-disabled av-blog-meta-comments-disabled av-blog-meta-category-disabled av-blog-meta-html-info-disabled '  itemscope=\"itemscope\" itemtype=\"https:\/\/schema.org\/Blog\" ><article class=\"post-entry post-entry-type-standard post-entry-1264 post-loop-2 post-parity-even single-big with-slider post-1264 post type-post status-publish format-standard has-post-thumbnail hentry category-activismo category-investigacion\"  itemscope=\"itemscope\" itemtype=\"https:\/\/schema.org\/BlogPosting\" ><div class=\"blog-meta\"><\/div><div class='entry-content-wrapper clearfix standard-content'><header class=\"entry-content-header\" aria-label=\"Post: Seminario de Investigaci\u00f3n en M\u00e1laga\"><div class=\"av-heading-wrapper\"><span class=\"blog-categories minor-meta\"><a href=\"http:\/\/womenforpalestine.org\/es_es\/category\/activismo\/\" rel=\"tag\">Activismo<\/a>, <a href=\"http:\/\/womenforpalestine.org\/es_es\/category\/investigacion\/\" rel=\"tag\">Investigaci\u00f3n<\/a><\/span><h2 class='post-title entry-title '  itemprop=\"headline\" ><a href=\"http:\/\/womenforpalestine.org\/es_es\/seminario-de-investigacion-en-malaga\/\" rel=\"bookmark\" title=\"Enlace permanente: Seminario de Investigaci\u00f3n en M\u00e1laga\">Seminario de Investigaci\u00f3n en M\u00e1laga<span class=\"post-format-icon minor-meta\"><\/span><\/a><\/h2><\/div><\/header><span class=\"av-vertical-delimiter\"><\/span><div class=\"big-preview single-big\"  itemprop=\"image\" itemscope=\"itemscope\" itemtype=\"https:\/\/schema.org\/ImageObject\" ><a href=\"http:\/\/womenforpalestine.org\/es_es\/seminario-de-investigacion-en-malaga\/\"  title=\"CARTEL\" ><img decoding=\"async\" loading=\"lazy\" width=\"1080\" height=\"423\" src=\"http:\/\/womenforpalestine.org\/wp-content\/uploads\/2024\/09\/CARTEL-1080x423.jpg\" class=\"wp-image-1265 avia-img-lazy-loading-1265 attachment-entry_without_sidebar size-entry_without_sidebar wp-post-image\" alt=\"\" \/><\/a><\/div><div class=\"entry-content\"  itemprop=\"text\" ><p>Este seminario de investigaci\u00f3n sobre la resistencia de las mujeres palestinas bajo ocupaci\u00f3n se da con el paraguas del proyecto de investigaci\u00f3n en Cooperaci\u00f3n Internacional para el Desarrollo LOS DERECHOS HUMANOS DE LAS MUJERES PALESTINAS: RELATOS DE RESILIENCIA EN TIEMPOS DE COVID-19, financiado por la Agencia Andaluza de Cooperaci\u00f3n Internacional para el Desarrollo (AACID) y [&hellip;]<\/p>\n<div class=\"read-more-link\"><a href=\"http:\/\/womenforpalestine.org\/es_es\/seminario-de-investigacion-en-malaga\/\" class=\"more-link\">Leer m\u00e1s<span class='more-link-arrow avia-svg-icon avia-font-svg_entypo-fontello' data-av_svg_icon='right-open-big' data-av_iconset='svg_entypo-fontello'><svg version=\"1.1\" xmlns=\"http:\/\/www.w3.org\/2000\/svg\" width=\"15\" height=\"32\" viewBox=\"0 0 15 32\" preserveAspectRatio=\"xMidYMid meet\" role=\"graphics-symbol\" aria-hidden=\"true\">\n<path d=\"M0.416 27.84l11.456-11.84-11.456-11.904q-0.832-0.832 0-1.536 0.832-0.832 1.536 0l12.544 12.608q0.768 0.832 0 1.6l-12.544 12.608q-0.704 0.832-1.536 0-0.832-0.704 0-1.536z\"><\/path>\n<\/svg><\/span><\/a><\/div>\n<\/div><span class=\"post-meta-infos\"><time class=\"date-container minor-meta updated\"  itemprop=\"datePublished\" datetime=\"2024-09-26T11:13:04+00:00\" >26\/09\/2024<\/time><\/span><footer class=\"entry-footer\"><\/footer><div class='post_delimiter'><\/div><\/div><div class=\"post_author_timeline\"><\/div><span class='hidden'>\n\t\t\t\t<span class='av-structured-data'  itemprop=\"image\" itemscope=\"itemscope\" itemtype=\"https:\/\/schema.org\/ImageObject\" >\n\t\t\t\t\t\t<span itemprop='url'>http:\/\/womenforpalestine.org\/wp-content\/uploads\/2024\/09\/CARTEL.jpg<\/span>\n\t\t\t\t\t\t<span itemprop='height'>1080<\/span>\n\t\t\t\t\t\t<span itemprop='width'>1080<\/span>\n\t\t\t\t<\/span>\n\t\t\t\t<span class='av-structured-data'  itemprop=\"publisher\" itemtype=\"https:\/\/schema.org\/Organization\" itemscope=\"itemscope\" >\n\t\t\t\t\t\t<span itemprop='name'>Javier Diaz<\/span>\n\t\t\t\t\t\t<span itemprop='logo' itemscope itemtype='https:\/\/schema.org\/ImageObject'>\n\t\t\t\t\t\t\t<span itemprop='url'>https:\/\/womenforpalestine.org\/wp-content\/uploads\/2024\/03\/Logo-web-color-ub.png<\/span>\n\t\t\t\t\t\t<\/span>\n\t\t\t\t<\/span><span class='av-structured-data'  itemprop=\"author\" itemscope=\"itemscope\" itemtype=\"https:\/\/schema.org\/Person\" ><span itemprop='name'>Javier Diaz<\/span><\/span><span class='av-structured-data'  itemprop=\"datePublished\" datetime=\"2024-09-26T11:13:04+00:00\" >2024-09-26 11:13:04<\/span><span class='av-structured-data'  itemprop=\"dateModified\" itemtype=\"https:\/\/schema.org\/dateModified\" >2024-09-30 07:41:05<\/span><span class='av-structured-data'  itemprop=\"mainEntityOfPage\" itemtype=\"https:\/\/schema.org\/mainEntityOfPage\" ><span itemprop='name'>Seminario de Investigaci\u00f3n en M\u00e1laga<\/span><\/span><\/span><\/article><div class='single-big'><\/div><\/div><\/p>\n<\/div><\/div><\/div>\n","protected":false},"excerpt":{"rendered":"","protected":false},"author":1,"featured_media":0,"parent":0,"menu_order":8,"comment_status":"closed","ping_status":"closed","template":"","meta":{"footnotes":""},"class_list":["post-796","page","type-page","status-publish","hentry"],"_links":{"self":[{"href":"http:\/\/womenforpalestine.org\/es_es\/wp-json\/wp\/v2\/pages\/796","targetHints":{"allow":["GET"]}}],"collection":[{"href":"http:\/\/womenforpalestine.org\/es_es\/wp-json\/wp\/v2\/pages"}],"about":[{"href":"http:\/\/womenforpalestine.org\/es_es\/wp-json\/wp\/v2\/types\/page"}],"author":[{"embeddable":true,"href":"http:\/\/womenforpalestine.org\/es_es\/wp-json\/wp\/v2\/users\/1"}],"replies":[{"embeddable":true,"href":"http:\/\/womenforpalestine.org\/es_es\/wp-json\/wp\/v2\/comments?post=796"}],"version-history":[{"count":0,"href":"http:\/\/womenforpalestine.org\/es_es\/wp-json\/wp\/v2\/pages\/796\/revisions"}],"wp:attachment":[{"href":"http:\/\/womenforpalestine.org\/es_es\/wp-json\/wp\/v2\/media?parent=796"}],"curies":[{"name":"wp","href":"https:\/\/api.w.org\/{rel}","templated":true}]}}