{"id":395,"date":"2024-04-30T08:59:35","date_gmt":"2024-04-30T08:59:35","guid":{"rendered":"https:\/\/womenforpalestine.org\/?page_id=395"},"modified":"2024-04-30T09:01:13","modified_gmt":"2024-04-30T09:01:13","slug":"cv-alejandro-alvarado-eng","status":"publish","type":"page","link":"http:\/\/womenforpalestine.org\/en\/curriculums\/cv-alejandro-alvarado-eng\/","title":{"rendered":"CV Alejandro Alvarado ENG"},"content":{"rendered":"<style type=\"text\/css\" data-created_by=\"avia_inline_auto\" id=\"style-css-av-496rj-89ef08bb11781996dc006721643700ab\">\n.avia-section.av-496rj-89ef08bb11781996dc006721643700ab{\nmargin-top:40px;\nmargin-bottom:40px;\n}\n<\/style>\n<div id='av_section_1'  class='avia-section av-496rj-89ef08bb11781996dc006721643700ab main_color avia-section-default avia-no-border-styling  avia-builder-el-0  avia-builder-el-no-sibling  avia-bg-style-scroll container_wrap fullsize'  ><div class='container av-section-cont-open' ><main  role=\"main\" itemprop=\"mainContentOfPage\"  class='template-page content  av-content-full alpha units'><div class='post-entry post-entry-type-page post-entry-395'><div class='entry-content-wrapper clearfix'>\n<div  class='flex_column av-13f9gv-f2a581c9b25658d886a2aaae0529be89 av_one_fourth  avia-builder-el-1  el_before_av_three_fourth  avia-builder-el-first  first flex_column_div'     ><style type=\"text\/css\" data-created_by=\"avia_inline_auto\" id=\"style-css-av-z7gyn-bdabd1ec2ea611006dbd4ec1174a9c14\">\n.avia-image-container.av-z7gyn-bdabd1ec2ea611006dbd4ec1174a9c14 img.avia_image{\nbox-shadow:none;\n}\n.avia-image-container.av-z7gyn-bdabd1ec2ea611006dbd4ec1174a9c14 .av-image-caption-overlay-center{\ncolor:#ffffff;\n}\n<\/style>\n<div  class='avia-image-container av-z7gyn-bdabd1ec2ea611006dbd4ec1174a9c14 av-styling- avia-align-center  avia-builder-el-2  avia-builder-el-no-sibling'   itemprop=\"image\" itemscope=\"itemscope\" itemtype=\"https:\/\/schema.org\/ImageObject\" ><div class=\"avia-image-container-inner\"><div class=\"avia-image-overlay-wrap\"><img decoding=\"async\" fetchpriority=\"high\" class='wp-image-368 avia-img-lazy-loading-not-368 avia_image' src=\"http:\/\/womenforpalestine.org\/wp-content\/uploads\/2024\/04\/Alejandro-Alvarado-300x300.jpg\" alt='' title='Alejandro Alvarado'  height=\"300\" width=\"300\"  itemprop=\"thumbnailUrl\" srcset=\"http:\/\/womenforpalestine.org\/wp-content\/uploads\/2024\/04\/Alejandro-Alvarado-300x300.jpg 300w, http:\/\/womenforpalestine.org\/wp-content\/uploads\/2024\/04\/Alejandro-Alvarado-80x80.jpg 80w, http:\/\/womenforpalestine.org\/wp-content\/uploads\/2024\/04\/Alejandro-Alvarado-36x36.jpg 36w, http:\/\/womenforpalestine.org\/wp-content\/uploads\/2024\/04\/Alejandro-Alvarado-180x180.jpg 180w, http:\/\/womenforpalestine.org\/wp-content\/uploads\/2024\/04\/Alejandro-Alvarado.jpg 400w\" sizes=\"(max-width: 300px) 100vw, 300px\" \/><\/div><\/div><\/div><\/div><div  class='flex_column av-swifr-ea28f54fb86280182f1bed55f724be7d av_three_fourth  avia-builder-el-3  el_after_av_one_fourth  avia-builder-el-last  flex_column_div'     ><p>\n<style type=\"text\/css\" data-created_by=\"avia_inline_auto\" id=\"style-css-av-kje5r-206dbb965dabce19f673695817482ea3\">\n#top .av-special-heading.av-kje5r-206dbb965dabce19f673695817482ea3{\npadding-bottom:10px;\n}\nbody .av-special-heading.av-kje5r-206dbb965dabce19f673695817482ea3 .av-special-heading-tag .heading-char{\nfont-size:25px;\n}\n.av-special-heading.av-kje5r-206dbb965dabce19f673695817482ea3 .av-subheading{\nfont-size:15px;\n}\n<\/style>\n<div  class='av-special-heading av-kje5r-206dbb965dabce19f673695817482ea3 av-special-heading-h2 blockquote modern-quote  avia-builder-el-4  el_before_av_hr  avia-builder-el-first'><h2 class='av-special-heading-tag'  itemprop=\"headline\"  >Alejandro Alvarado<\/h2><div class=\"special-heading-border\"><div class=\"special-heading-inner-border\"><\/div><\/div><\/div><br \/>\n\n<style type=\"text\/css\" data-created_by=\"avia_inline_auto\" id=\"style-css-av-fyvbj-ebec1551ed7e2e27e5399fad9d0fb044\">\n#top .hr.hr-invisible.av-fyvbj-ebec1551ed7e2e27e5399fad9d0fb044{\nheight:30px;\n}\n<\/style>\n<div  class='hr av-fyvbj-ebec1551ed7e2e27e5399fad9d0fb044 hr-invisible  avia-builder-el-5  el_after_av_heading  el_before_av_textblock'><span class='hr-inner'><span class=\"hr-inner-style\"><\/span><\/span><\/div><br \/>\n<section  class='av_textblock_section av-a3at3-fde7217f870de50880ac779110113ac4'   itemscope=\"itemscope\" itemtype=\"https:\/\/schema.org\/CreativeWork\" ><div class='avia_textblock'  itemprop=\"text\" ><div class=\"page\" title=\"Page 2\">\n<div class=\"section\">\n<div class=\"section\">\n<div class=\"layoutArea\">\n<div class=\"column\">\n<div class=\"page\" title=\"Page 2\">\n<div class=\"section\">\n<div class=\"layoutArea\">\n<div class=\"column\">\n<p><strong>NAME AND SURNAME:<\/strong> Alejandro Alvarado<br \/>\n<strong>POSITION:<\/strong> Lecturer and researcher<br \/>\n<strong>UNIVERSITY\/ORGANISATION:<\/strong> University of Malaga<br \/>\n<strong>COUNTRY:<\/strong> Spain<\/p>\n<\/div>\n<p class=\"p1\">His research work focuses primarily on documentary film from different perspectives. He has published the book, La poscensura en el cine documental de la transici\u00f3n espa\u00f1ola (2018,) in the Peter Lang publishing house, and coordinating the volume, El documental en Espa\u00f1a: historia, est\u00e9tica e identidad, published by C\u00e1tedra and the Festival de M\u00e1laga (2023). He is the author of numerous publications in which he addresses issues such as the processes of creation in non-fiction film or the application of documentaries to audiovisual literacy, social inclusion and international cooperation projects.<\/p>\n<p class=\"p1\">As a filmmaker, he has formed a creative tandem since 2001 with the director Concha Barquero. Together they have directed, scripted and edited a dozen films, mainly creative documentaries and experimental pieces. Among these works, their short film Descartes (2021) and the feature film Pepe el andaluz (2012) stand out. His works have been selected in audiovisual competitions all over the world, such as the Mar del Plata International Film Festival (Argentina), European Media Art in Osnabr\u00fcck (Germany) and DocLisboa (Portugal).<\/p>\n<p class=\"p1\">They have been awarded numerous prizes, such as the Prize for Best Spanish Documentary at Documenta Madrid, the Grand Prize for Spanish Cinema at Zinebi or the XXIX Andalusia Journalism Prize in the audiovisual category.<\/p>\n<p class=\"p1\">As a science communicator, his professional work in cultural television stands out. For a decade he was the director of the programme Tesis and Tesis en la internacional (2001-11) on Canal Sur Andaluc\u00eda (804 episodes), a benchmark television programme that has received numerous awards such as the Prize for the Best National Programme for Scientific Dissemination at the XXVI Biennial of Scientific Cinema in Ronda or the First Prize for Television from the Andalusian Advisory Council of RTVE (RTVE).<\/p>\n<p class=\"p1\">As a film programmer, he has been a member of the Selection Committee of the Official Short Film Section of the Malaga Festival (2014-2022) and is the programming coordinator of the Sala de los Cineastas Malaga, organised by the association Uni\u00f3n de Cineastas, in collaboration with the Malaga Festival, the University of Malaga and the Cine Alb\u00e9niz (2016-2023).<\/p>\n<\/div>\n<\/div>\n<\/div>\n<\/div>\n<\/div>\n<\/div>\n<\/div>\n<\/div>\n<\/div><\/section><\/p><\/div>","protected":false},"excerpt":{"rendered":"","protected":false},"author":1,"featured_media":0,"parent":201,"menu_order":101,"comment_status":"closed","ping_status":"closed","template":"template-blank.php","meta":{"footnotes":""},"class_list":["post-395","page","type-page","status-publish","hentry"],"_links":{"self":[{"href":"http:\/\/womenforpalestine.org\/en\/wp-json\/wp\/v2\/pages\/395","targetHints":{"allow":["GET"]}}],"collection":[{"href":"http:\/\/womenforpalestine.org\/en\/wp-json\/wp\/v2\/pages"}],"about":[{"href":"http:\/\/womenforpalestine.org\/en\/wp-json\/wp\/v2\/types\/page"}],"author":[{"embeddable":true,"href":"http:\/\/womenforpalestine.org\/en\/wp-json\/wp\/v2\/users\/1"}],"replies":[{"embeddable":true,"href":"http:\/\/womenforpalestine.org\/en\/wp-json\/wp\/v2\/comments?post=395"}],"version-history":[{"count":0,"href":"http:\/\/womenforpalestine.org\/en\/wp-json\/wp\/v2\/pages\/395\/revisions"}],"up":[{"embeddable":true,"href":"http:\/\/womenforpalestine.org\/en\/wp-json\/wp\/v2\/pages\/201"}],"wp:attachment":[{"href":"http:\/\/womenforpalestine.org\/en\/wp-json\/wp\/v2\/media?parent=395"}],"curies":[{"name":"wp","href":"https:\/\/api.w.org\/{rel}","templated":true}]}}